{"id":2686,"date":"2023-08-30T13:00:21","date_gmt":"2023-08-30T16:00:21","guid":{"rendered":"https:\/\/blinda.com.br\/?post_type=product&#038;p=2686"},"modified":"2023-08-30T15:02:41","modified_gmt":"2023-08-30T18:02:41","slug":"ctme-ex-portable-power-supply-units-enhanced-security","status":"publish","type":"product","link":"https:\/\/blinda.com.br\/en\/product\/ctme-ex-portable-power-supply-units-enhanced-security\/","title":{"rendered":"CTME &#8211; Ex Portable Power Supply Units &#8211; Enhanced Security"},"content":{"rendered":"<p>O carrinho de tomada m\u00f3vel Ex CTME de seguran\u00e7a aumentada \u00e9 utilizado para a alimenta\u00e7\u00e3o de equipamentos el\u00e9tricos e eletr\u00f4nicos em \u00e1reas onde h\u00e1 risco de explos\u00e3o, em ind\u00fastrias como:<br \/>\n\u2022 Ind\u00fastrias qu\u00edmicas<br \/>\n\u2022 Petroqu\u00edmicas<br \/>\n\u2022 Paradas de manuten\u00e7\u00e3o dentro de \u00e1reas classificadas<br \/>\n\u2022 Instala\u00e7\u00f5es de tintas e vernizes<br \/>\n\u2022 Ind\u00fastrias de medicamentos<br \/>\n\u2022 Instala\u00e7\u00f5es de processamento de alimento<br \/>\n\u2022 Instala\u00e7\u00f5es de armazenagem de produtos inflam\u00e1veis<\/p>\n<p><span style=\"font-size: 16px;\"><strong>Documentos para download<\/strong><\/span><br \/>\n<a href=\"https:\/\/blinda.com.br\/documentos\/produtos\/datasheet-ctme-carrinho-de-tomada-movel-ex-seguranca-aumentada.pdf\" target=\"_blank\" rel=\"noopener\">Datasheet<\/a><\/p>\n","protected":false},"excerpt":{"rendered":"<p>O carrinho de tomada m\u00f3vel Ex CTME de seguran\u00e7a aumentada \u00e9 utilizado para a alimenta\u00e7\u00e3o de equipamentos el\u00e9tricos e eletr\u00f4nicos em \u00e1reas onde h\u00e1 risco de explos\u00e3o, em ind\u00fastrias como: \u2022 Ind\u00fastrias qu\u00edmicas \u2022 Petroqu\u00edmicas \u2022 Paradas de manuten\u00e7\u00e3o dentro de \u00e1reas classificadas \u2022 Instala\u00e7\u00f5es de tintas e vernizes \u2022 Ind\u00fastrias de medicamentos \u2022 Instala\u00e7\u00f5es [&hellip;]<\/p>\n","protected":false},"featured_media":2705,"template":"","meta":{"_uag_custom_page_level_css":"","_monsterinsights_skip_tracking":false,"_monsterinsights_sitenote_active":false,"_monsterinsights_sitenote_note":"","_monsterinsights_sitenote_category":0,"site-sidebar-layout":"default","site-content-layout":"default","ast-site-content-layout":"default","site-content-style":"default","site-sidebar-style":"default","ast-global-header-display":"","ast-banner-title-visibility":"","ast-main-header-display":"","ast-hfb-above-header-display":"","ast-hfb-below-header-display":"","ast-hfb-mobile-header-display":"","site-post-title":"","ast-breadcrumbs-content":"","ast-featured-img":"","footer-sml-layout":"","ast-disable-related-posts":"","theme-transparent-header-meta":"default","adv-header-id-meta":"","stick-header-meta":"","header-above-stick-meta":"","header-main-stick-meta":"","header-below-stick-meta":"","astra-migrate-meta-layouts":"default","ast-page-background-enabled":"default","ast-page-background-meta":{"desktop":{"background-color":"","background-image":"","background-repeat":"repeat","background-position":"center center","background-size":"auto","background-attachment":"scroll","background-type":"","background-media":"","overlay-type":"","overlay-color":"","overlay-opacity":"","overlay-gradient":""},"tablet":{"background-color":"","background-image":"","background-repeat":"repeat","background-position":"center center","background-size":"auto","background-attachment":"scroll","background-type":"","background-media":"","overlay-type":"","overlay-color":"","overlay-opacity":"","overlay-gradient":""},"mobile":{"background-color":"","background-image":"","background-repeat":"repeat","background-position":"center center","background-size":"auto","background-attachment":"scroll","background-type":"","background-media":"","overlay-type":"","overlay-color":"","overlay-opacity":"","overlay-gradient":""}},"ast-content-background-meta":{"desktop":{"background-color":"var(--ast-global-color-5)","background-image":"","background-repeat":"repeat","background-position":"center center","background-size":"auto","background-attachment":"scroll","background-type":"","background-media":"","overlay-type":"","overlay-color":"","overlay-opacity":"","overlay-gradient":""},"tablet":{"background-color":"var(--ast-global-color-5)","background-image":"","background-repeat":"repeat","background-position":"center center","background-size":"auto","background-attachment":"scroll","background-type":"","background-media":"","overlay-type":"","overlay-color":"","overlay-opacity":"","overlay-gradient":""},"mobile":{"background-color":"var(--ast-global-color-5)","background-image":"","background-repeat":"repeat","background-position":"center center","background-size":"auto","background-attachment":"scroll","background-type":"","background-media":"","overlay-type":"","overlay-color":"","overlay-opacity":"","overlay-gradient":""}}},"product_brand":[],"product_cat":[241],"product_tag":[242,351],"class_list":{"0":"post-2686","1":"product","2":"type-product","3":"status-publish","4":"has-post-thumbnail","6":"product_cat-ex-portable-power-supply","7":"product_tag-carrinho-de-tomada-ex-en","8":"product_tag-ctme-en","9":"pa_tipos-de-protecao-enhanced-security","10":"desktop-align-center","11":"tablet-align-center","12":"mobile-align-center","13":"ast-product-gallery-layout-horizontal-slider","14":"ast-product-gallery-with-no-image","15":"ast-product-single-variable","16":"ast-product-tabs-layout-horizontal","17":"ast-qv-on-image","19":"first","20":"instock","21":"shipping-taxable","22":"purchasable","23":"product-type-variable"},"yoast_head":"<!-- This site is optimized with the Yoast SEO plugin v27.4 - https:\/\/yoast.com\/product\/yoast-seo-wordpress\/ -->\n<title>CTME - Ex Portable Power Supply Units - Enhanced Security - Blinda<\/title>\n<meta name=\"description\" content=\"O carrinho de tomada m\u00f3vel CTME de seguran\u00e7a aumentada \u00e9 utilizado para a alimenta\u00e7\u00e3o de equipamentos el\u00e9tricos e eletr\u00f4nicos em \u00e1reas com risco de explos\u00e3o\" \/>\n<meta name=\"robots\" content=\"index, follow, max-snippet:-1, max-image-preview:large, max-video-preview:-1\" \/>\n<link rel=\"canonical\" href=\"https:\/\/blinda.com.br\/en\/product\/ctme-ex-portable-power-supply-units-enhanced-security\/\" \/>\n<meta property=\"og:locale\" content=\"en_US\" \/>\n<meta property=\"og:type\" content=\"article\" \/>\n<meta property=\"og:title\" content=\"CTME - Ex Portable Power Supply Units - Enhanced Security - Blinda\" \/>\n<meta property=\"og:description\" content=\"O carrinho de tomada m\u00f3vel CTME de seguran\u00e7a aumentada \u00e9 utilizado para a alimenta\u00e7\u00e3o de equipamentos el\u00e9tricos e eletr\u00f4nicos em \u00e1reas com risco de explos\u00e3o\" \/>\n<meta property=\"og:url\" content=\"https:\/\/blinda.com.br\/en\/product\/ctme-ex-portable-power-supply-units-enhanced-security\/\" \/>\n<meta property=\"og:site_name\" content=\"Blinda\" \/>\n<meta property=\"article:modified_time\" content=\"2023-08-30T18:02:41+00:00\" \/>\n<meta property=\"og:image\" content=\"https:\/\/blinda.com.br\/novo\/wp-content\/uploads\/2023\/08\/ctme-carrinho-de-tomada-movel-ex-seguranca-aumentada.webp\" \/>\n\t<meta property=\"og:image:width\" content=\"1200\" \/>\n\t<meta property=\"og:image:height\" content=\"1200\" \/>\n\t<meta property=\"og:image:type\" content=\"image\/webp\" \/>\n<meta name=\"twitter:card\" content=\"summary_large_image\" \/>\n<meta name=\"twitter:label1\" content=\"Est. reading time\" \/>\n\t<meta name=\"twitter:data1\" content=\"1 minute\" \/>\n<script type=\"application\/ld+json\" class=\"yoast-schema-graph\">{\"@context\":\"https:\\\/\\\/schema.org\",\"@graph\":[{\"@type\":\"WebPage\",\"@id\":\"https:\\\/\\\/blinda.com.br\\\/en\\\/product\\\/ctme-ex-portable-power-supply-units-enhanced-security\\\/\",\"url\":\"https:\\\/\\\/blinda.com.br\\\/en\\\/product\\\/ctme-ex-portable-power-supply-units-enhanced-security\\\/\",\"name\":\"CTME - Ex Portable Power Supply Units - Enhanced Security - Blinda\",\"isPartOf\":{\"@id\":\"https:\\\/\\\/blinda.com.br\\\/en\\\/#website\"},\"primaryImageOfPage\":{\"@id\":\"https:\\\/\\\/blinda.com.br\\\/en\\\/product\\\/ctme-ex-portable-power-supply-units-enhanced-security\\\/#primaryimage\"},\"image\":{\"@id\":\"https:\\\/\\\/blinda.com.br\\\/en\\\/product\\\/ctme-ex-portable-power-supply-units-enhanced-security\\\/#primaryimage\"},\"thumbnailUrl\":\"https:\\\/\\\/blinda.com.br\\\/novo\\\/wp-content\\\/uploads\\\/2023\\\/08\\\/ctme-carrinho-de-tomada-movel-ex-seguranca-aumentada-4.webp\",\"datePublished\":\"2023-08-30T16:00:21+00:00\",\"dateModified\":\"2023-08-30T18:02:41+00:00\",\"description\":\"O carrinho de tomada m\u00f3vel CTME de seguran\u00e7a aumentada \u00e9 utilizado para a alimenta\u00e7\u00e3o de equipamentos el\u00e9tricos e eletr\u00f4nicos em \u00e1reas com risco de explos\u00e3o\",\"breadcrumb\":{\"@id\":\"https:\\\/\\\/blinda.com.br\\\/en\\\/product\\\/ctme-ex-portable-power-supply-units-enhanced-security\\\/#breadcrumb\"},\"inLanguage\":\"en-US\",\"potentialAction\":[{\"@type\":\"ReadAction\",\"target\":[\"https:\\\/\\\/blinda.com.br\\\/en\\\/product\\\/ctme-ex-portable-power-supply-units-enhanced-security\\\/\"]}]},{\"@type\":\"ImageObject\",\"inLanguage\":\"en-US\",\"@id\":\"https:\\\/\\\/blinda.com.br\\\/en\\\/product\\\/ctme-ex-portable-power-supply-units-enhanced-security\\\/#primaryimage\",\"url\":\"https:\\\/\\\/blinda.com.br\\\/novo\\\/wp-content\\\/uploads\\\/2023\\\/08\\\/ctme-carrinho-de-tomada-movel-ex-seguranca-aumentada-4.webp\",\"contentUrl\":\"https:\\\/\\\/blinda.com.br\\\/novo\\\/wp-content\\\/uploads\\\/2023\\\/08\\\/ctme-carrinho-de-tomada-movel-ex-seguranca-aumentada-4.webp\",\"width\":1200,\"height\":1200},{\"@type\":\"BreadcrumbList\",\"@id\":\"https:\\\/\\\/blinda.com.br\\\/en\\\/product\\\/ctme-ex-portable-power-supply-units-enhanced-security\\\/#breadcrumb\",\"itemListElement\":[{\"@type\":\"ListItem\",\"position\":1,\"name\":\"In\u00edcio\",\"item\":\"https:\\\/\\\/blinda.com.br\\\/en\\\/\"},{\"@type\":\"ListItem\",\"position\":2,\"name\":\"Products\",\"item\":\"https:\\\/\\\/blinda.com.br\\\/en\\\/products\\\/\"},{\"@type\":\"ListItem\",\"position\":3,\"name\":\"CTME &#8211; Ex Portable Power Supply Units &#8211; Enhanced Security\"}]},{\"@type\":\"WebSite\",\"@id\":\"https:\\\/\\\/blinda.com.br\\\/en\\\/#website\",\"url\":\"https:\\\/\\\/blinda.com.br\\\/en\\\/\",\"name\":\"Blinda\",\"description\":\"\",\"publisher\":{\"@id\":\"https:\\\/\\\/blinda.com.br\\\/en\\\/#organization\"},\"potentialAction\":[{\"@type\":\"SearchAction\",\"target\":{\"@type\":\"EntryPoint\",\"urlTemplate\":\"https:\\\/\\\/blinda.com.br\\\/en\\\/?s={search_term_string}\"},\"query-input\":{\"@type\":\"PropertyValueSpecification\",\"valueRequired\":true,\"valueName\":\"search_term_string\"}}],\"inLanguage\":\"en-US\"},{\"@type\":\"Organization\",\"@id\":\"https:\\\/\\\/blinda.com.br\\\/en\\\/#organization\",\"name\":\"Blinda\",\"url\":\"https:\\\/\\\/blinda.com.br\\\/en\\\/\",\"logo\":{\"@type\":\"ImageObject\",\"inLanguage\":\"en-US\",\"@id\":\"https:\\\/\\\/blinda.com.br\\\/en\\\/#\\\/schema\\\/logo\\\/image\\\/\",\"url\":\"https:\\\/\\\/blinda.com.br\\\/novo\\\/wp-content\\\/uploads\\\/2022\\\/04\\\/cropped-Blinda___3_-removebg-preview.png\",\"contentUrl\":\"https:\\\/\\\/blinda.com.br\\\/novo\\\/wp-content\\\/uploads\\\/2022\\\/04\\\/cropped-Blinda___3_-removebg-preview.png\",\"width\":500,\"height\":166,\"caption\":\"Blinda\"},\"image\":{\"@id\":\"https:\\\/\\\/blinda.com.br\\\/en\\\/#\\\/schema\\\/logo\\\/image\\\/\"}}]}<\/script>\n<!-- \/ Yoast SEO plugin. -->","yoast_head_json":{"title":"CTME - Ex Portable Power Supply Units - Enhanced Security - Blinda","description":"O carrinho de tomada m\u00f3vel CTME de seguran\u00e7a aumentada \u00e9 utilizado para a alimenta\u00e7\u00e3o de equipamentos el\u00e9tricos e eletr\u00f4nicos em \u00e1reas com risco de explos\u00e3o","robots":{"index":"index","follow":"follow","max-snippet":"max-snippet:-1","max-image-preview":"max-image-preview:large","max-video-preview":"max-video-preview:-1"},"canonical":"https:\/\/blinda.com.br\/en\/product\/ctme-ex-portable-power-supply-units-enhanced-security\/","og_locale":"en_US","og_type":"article","og_title":"CTME - Ex Portable Power Supply Units - Enhanced Security - Blinda","og_description":"O carrinho de tomada m\u00f3vel CTME de seguran\u00e7a aumentada \u00e9 utilizado para a alimenta\u00e7\u00e3o de equipamentos el\u00e9tricos e eletr\u00f4nicos em \u00e1reas com risco de explos\u00e3o","og_url":"https:\/\/blinda.com.br\/en\/product\/ctme-ex-portable-power-supply-units-enhanced-security\/","og_site_name":"Blinda","article_modified_time":"2023-08-30T18:02:41+00:00","og_image":[{"width":1200,"height":1200,"url":"https:\/\/blinda.com.br\/novo\/wp-content\/uploads\/2023\/08\/ctme-carrinho-de-tomada-movel-ex-seguranca-aumentada.webp","type":"image\/webp"}],"twitter_card":"summary_large_image","twitter_misc":{"Est. reading time":"1 minute"},"schema":{"@context":"https:\/\/schema.org","@graph":[{"@type":"WebPage","@id":"https:\/\/blinda.com.br\/en\/product\/ctme-ex-portable-power-supply-units-enhanced-security\/","url":"https:\/\/blinda.com.br\/en\/product\/ctme-ex-portable-power-supply-units-enhanced-security\/","name":"CTME - Ex Portable Power Supply Units - Enhanced Security - Blinda","isPartOf":{"@id":"https:\/\/blinda.com.br\/en\/#website"},"primaryImageOfPage":{"@id":"https:\/\/blinda.com.br\/en\/product\/ctme-ex-portable-power-supply-units-enhanced-security\/#primaryimage"},"image":{"@id":"https:\/\/blinda.com.br\/en\/product\/ctme-ex-portable-power-supply-units-enhanced-security\/#primaryimage"},"thumbnailUrl":"https:\/\/blinda.com.br\/novo\/wp-content\/uploads\/2023\/08\/ctme-carrinho-de-tomada-movel-ex-seguranca-aumentada-4.webp","datePublished":"2023-08-30T16:00:21+00:00","dateModified":"2023-08-30T18:02:41+00:00","description":"O carrinho de tomada m\u00f3vel CTME de seguran\u00e7a aumentada \u00e9 utilizado para a alimenta\u00e7\u00e3o de equipamentos el\u00e9tricos e eletr\u00f4nicos em \u00e1reas com risco de explos\u00e3o","breadcrumb":{"@id":"https:\/\/blinda.com.br\/en\/product\/ctme-ex-portable-power-supply-units-enhanced-security\/#breadcrumb"},"inLanguage":"en-US","potentialAction":[{"@type":"ReadAction","target":["https:\/\/blinda.com.br\/en\/product\/ctme-ex-portable-power-supply-units-enhanced-security\/"]}]},{"@type":"ImageObject","inLanguage":"en-US","@id":"https:\/\/blinda.com.br\/en\/product\/ctme-ex-portable-power-supply-units-enhanced-security\/#primaryimage","url":"https:\/\/blinda.com.br\/novo\/wp-content\/uploads\/2023\/08\/ctme-carrinho-de-tomada-movel-ex-seguranca-aumentada-4.webp","contentUrl":"https:\/\/blinda.com.br\/novo\/wp-content\/uploads\/2023\/08\/ctme-carrinho-de-tomada-movel-ex-seguranca-aumentada-4.webp","width":1200,"height":1200},{"@type":"BreadcrumbList","@id":"https:\/\/blinda.com.br\/en\/product\/ctme-ex-portable-power-supply-units-enhanced-security\/#breadcrumb","itemListElement":[{"@type":"ListItem","position":1,"name":"In\u00edcio","item":"https:\/\/blinda.com.br\/en\/"},{"@type":"ListItem","position":2,"name":"Products","item":"https:\/\/blinda.com.br\/en\/products\/"},{"@type":"ListItem","position":3,"name":"CTME &#8211; Ex Portable Power Supply Units &#8211; Enhanced Security"}]},{"@type":"WebSite","@id":"https:\/\/blinda.com.br\/en\/#website","url":"https:\/\/blinda.com.br\/en\/","name":"Blinda","description":"","publisher":{"@id":"https:\/\/blinda.com.br\/en\/#organization"},"potentialAction":[{"@type":"SearchAction","target":{"@type":"EntryPoint","urlTemplate":"https:\/\/blinda.com.br\/en\/?s={search_term_string}"},"query-input":{"@type":"PropertyValueSpecification","valueRequired":true,"valueName":"search_term_string"}}],"inLanguage":"en-US"},{"@type":"Organization","@id":"https:\/\/blinda.com.br\/en\/#organization","name":"Blinda","url":"https:\/\/blinda.com.br\/en\/","logo":{"@type":"ImageObject","inLanguage":"en-US","@id":"https:\/\/blinda.com.br\/en\/#\/schema\/logo\/image\/","url":"https:\/\/blinda.com.br\/novo\/wp-content\/uploads\/2022\/04\/cropped-Blinda___3_-removebg-preview.png","contentUrl":"https:\/\/blinda.com.br\/novo\/wp-content\/uploads\/2022\/04\/cropped-Blinda___3_-removebg-preview.png","width":500,"height":166,"caption":"Blinda"},"image":{"@id":"https:\/\/blinda.com.br\/en\/#\/schema\/logo\/image\/"}}]}},"uagb_featured_image_src":{"full":["https:\/\/blinda.com.br\/novo\/wp-content\/uploads\/2023\/08\/ctme-carrinho-de-tomada-movel-ex-seguranca-aumentada-4.webp",1200,1200,false],"thumbnail":["https:\/\/blinda.com.br\/novo\/wp-content\/uploads\/2023\/08\/ctme-carrinho-de-tomada-movel-ex-seguranca-aumentada-4-150x150.webp",150,150,true],"medium":["https:\/\/blinda.com.br\/novo\/wp-content\/uploads\/2023\/08\/ctme-carrinho-de-tomada-movel-ex-seguranca-aumentada-4-300x300.webp",300,300,true],"medium_large":["https:\/\/blinda.com.br\/novo\/wp-content\/uploads\/2023\/08\/ctme-carrinho-de-tomada-movel-ex-seguranca-aumentada-4-768x768.webp",768,768,true],"large":["https:\/\/blinda.com.br\/novo\/wp-content\/uploads\/2023\/08\/ctme-carrinho-de-tomada-movel-ex-seguranca-aumentada-4-1024x1024.webp",1024,1024,true],"1536x1536":["https:\/\/blinda.com.br\/novo\/wp-content\/uploads\/2023\/08\/ctme-carrinho-de-tomada-movel-ex-seguranca-aumentada-4.webp",1200,1200,false],"2048x2048":["https:\/\/blinda.com.br\/novo\/wp-content\/uploads\/2023\/08\/ctme-carrinho-de-tomada-movel-ex-seguranca-aumentada-4.webp",1200,1200,false],"woocommerce_thumbnail":["https:\/\/blinda.com.br\/novo\/wp-content\/uploads\/2023\/08\/ctme-carrinho-de-tomada-movel-ex-seguranca-aumentada-4-300x300.webp",300,300,true],"woocommerce_single":["https:\/\/blinda.com.br\/novo\/wp-content\/uploads\/2023\/08\/ctme-carrinho-de-tomada-movel-ex-seguranca-aumentada-4-600x600.webp",600,600,true],"woocommerce_gallery_thumbnail":["https:\/\/blinda.com.br\/novo\/wp-content\/uploads\/2023\/08\/ctme-carrinho-de-tomada-movel-ex-seguranca-aumentada-4-100x100.webp",100,100,true],"dgwt-wcas-product-suggestion":["https:\/\/blinda.com.br\/novo\/wp-content\/uploads\/2023\/08\/ctme-carrinho-de-tomada-movel-ex-seguranca-aumentada-4-64x64.webp",64,64,true]},"uagb_author_info":{"display_name":"mktbl","author_link":"https:\/\/blinda.com.br\/en\/author\/"},"uagb_comment_info":0,"uagb_excerpt":"O carrinho de tomada m\u00f3vel Ex CTME de seguran\u00e7a aumentada \u00e9 utilizado para a alimenta\u00e7\u00e3o de equipamentos el\u00e9tricos e eletr\u00f4nicos em \u00e1reas onde h\u00e1 risco de explos\u00e3o, em ind\u00fastrias como: \u2022 Ind\u00fastrias qu\u00edmicas \u2022 Petroqu\u00edmicas \u2022 Paradas de manuten\u00e7\u00e3o dentro de \u00e1reas classificadas \u2022 Instala\u00e7\u00f5es de tintas e vernizes \u2022 Ind\u00fastrias de medicamentos \u2022 Instala\u00e7\u00f5es&hellip;","_links":{"self":[{"href":"https:\/\/blinda.com.br\/en\/wp-json\/wp\/v2\/product\/2686","targetHints":{"allow":["GET"]}}],"collection":[{"href":"https:\/\/blinda.com.br\/en\/wp-json\/wp\/v2\/product"}],"about":[{"href":"https:\/\/blinda.com.br\/en\/wp-json\/wp\/v2\/types\/product"}],"wp:featuredmedia":[{"embeddable":true,"href":"https:\/\/blinda.com.br\/en\/wp-json\/wp\/v2\/media\/2705"}],"wp:attachment":[{"href":"https:\/\/blinda.com.br\/en\/wp-json\/wp\/v2\/media?parent=2686"}],"wp:term":[{"taxonomy":"product_brand","embeddable":true,"href":"https:\/\/blinda.com.br\/en\/wp-json\/wp\/v2\/product_brand?post=2686"},{"taxonomy":"product_cat","embeddable":true,"href":"https:\/\/blinda.com.br\/en\/wp-json\/wp\/v2\/product_cat?post=2686"},{"taxonomy":"product_tag","embeddable":true,"href":"https:\/\/blinda.com.br\/en\/wp-json\/wp\/v2\/product_tag?post=2686"}],"curies":[{"name":"wp","href":"https:\/\/api.w.org\/{rel}","templated":true}]}}