{"id":2205,"date":"2022-09-22T13:50:05","date_gmt":"2022-09-22T16:50:05","guid":{"rendered":"https:\/\/blinda.com.br\/produto\/cdwi-hv-painel-de-alta-tensao-ex\/"},"modified":"2022-11-17T10:55:12","modified_gmt":"2022-11-17T13:55:12","slug":"cdwi-hv-ex-high-voltage-junction-box","status":"publish","type":"product","link":"https:\/\/blinda.com.br\/en\/cdwi-hv-ex-high-voltage-junction-box\/","title":{"rendered":"CDWi-HV \u2013 Ex High Voltage Junction Box"},"content":{"rendered":"<p>A linha de pain\u00e9is para alta tens\u00e3o Ex CDWi\/HV oferece uma solu\u00e7\u00e3o pratica para a termina\u00e7\u00e3o de cabos umbilicais utilizados em sistema de distribui\u00e7\u00e3o de alta tens\u00e3o em plataformas offshore e onshore.<br \/>\nPossibilita em uma \u00fanica solu\u00e7\u00e3o um compartimento para a interliga\u00e7\u00e3o dos cabos e alimenta\u00e7\u00e3o e em um outro compartimento exclusivo pata a interliga\u00e7\u00e3o dos cabos de fibra \u00d3ptica. Cada compartimento independente possui grau de prote\u00e7\u00e3o IP66, que possibilita trabalhar nas fibras opticas sem a necessidade de isolamento de alimenta\u00e7\u00e3o dos cabos do compartimento de alimenta\u00e7\u00e3o.<br \/>\nSua aplica\u00e7\u00e3o se define para passagem, deriva\u00e7\u00e3o de sistemas trif\u00e1sicos. EPL Gc, isto \u00e9, produto adequado para instala\u00e7\u00e3o em Zona 2 conforme a IEC 60079-10 somente, n\u00e3o estando o mesmo autorizado a instala\u00e7\u00e3o em Zona 1 ou Zona 0.<\/p>\n<p><span style=\"font-size: 16px;\"><strong>Documentos para download<\/strong><\/span><br \/>\n<a href=\"https:\/\/blinda.com.br\/documentos\/produtos\/certificados\/certificado-cdwi-hv.pdf\" target=\"_blank\" rel=\"noopener\">Certificado<\/a><\/p>\n","protected":false},"excerpt":{"rendered":"<p>A linha de pain\u00e9is para alta tens\u00e3o Ex CDWi\/HV oferece uma solu\u00e7\u00e3o pratica para a termina\u00e7\u00e3o de cabos umbilicais utilizados em sistema de distribui\u00e7\u00e3o de alta tens\u00e3o em plataformas offshore e onshore. Possibilita em uma \u00fanica solu\u00e7\u00e3o um compartimento para a interliga\u00e7\u00e3o dos cabos e alimenta\u00e7\u00e3o e em um outro compartimento exclusivo pata a interliga\u00e7\u00e3o [&hellip;]<\/p>\n","protected":false},"featured_media":2321,"template":"","meta":{"_uag_custom_page_level_css":"","_monsterinsights_skip_tracking":false,"_monsterinsights_sitenote_active":false,"_monsterinsights_sitenote_note":"","_monsterinsights_sitenote_category":0,"site-sidebar-layout":"default","site-content-layout":"default","ast-site-content-layout":"default","site-content-style":"default","site-sidebar-style":"default","ast-global-header-display":"","ast-banner-title-visibility":"","ast-main-header-display":"","ast-hfb-above-header-display":"","ast-hfb-below-header-display":"","ast-hfb-mobile-header-display":"","site-post-title":"","ast-breadcrumbs-content":"","ast-featured-img":"","footer-sml-layout":"","ast-disable-related-posts":"","theme-transparent-header-meta":"default","adv-header-id-meta":"","stick-header-meta":"","header-above-stick-meta":"","header-main-stick-meta":"","header-below-stick-meta":"","astra-migrate-meta-layouts":"default","ast-page-background-enabled":"default","ast-page-background-meta":{"desktop":{"background-color":"","background-image":"","background-repeat":"repeat","background-position":"center center","background-size":"auto","background-attachment":"scroll","background-type":"","background-media":"","overlay-type":"","overlay-color":"","overlay-opacity":"","overlay-gradient":""},"tablet":{"background-color":"","background-image":"","background-repeat":"repeat","background-position":"center center","background-size":"auto","background-attachment":"scroll","background-type":"","background-media":"","overlay-type":"","overlay-color":"","overlay-opacity":"","overlay-gradient":""},"mobile":{"background-color":"","background-image":"","background-repeat":"repeat","background-position":"center center","background-size":"auto","background-attachment":"scroll","background-type":"","background-media":"","overlay-type":"","overlay-color":"","overlay-opacity":"","overlay-gradient":""}},"ast-content-background-meta":{"desktop":{"background-color":"var(--ast-global-color-5)","background-image":"","background-repeat":"repeat","background-position":"center center","background-size":"auto","background-attachment":"scroll","background-type":"","background-media":"","overlay-type":"","overlay-color":"","overlay-opacity":"","overlay-gradient":""},"tablet":{"background-color":"var(--ast-global-color-5)","background-image":"","background-repeat":"repeat","background-position":"center center","background-size":"auto","background-attachment":"scroll","background-type":"","background-media":"","overlay-type":"","overlay-color":"","overlay-opacity":"","overlay-gradient":""},"mobile":{"background-color":"var(--ast-global-color-5)","background-image":"","background-repeat":"repeat","background-position":"center center","background-size":"auto","background-attachment":"scroll","background-type":"","background-media":"","overlay-type":"","overlay-color":"","overlay-opacity":"","overlay-gradient":""}}},"product_brand":[],"product_cat":[146],"product_tag":[253,254],"class_list":{"0":"post-2205","1":"product","2":"type-product","3":"status-publish","4":"has-post-thumbnail","6":"product_cat-ex-junction-box","7":"product_tag-cdwi-hv-en","8":"product_tag-painel-de-alta-tensao-ex-en","9":"pa_tipos-de-protecao-explosion-proof","10":"desktop-align-center","11":"tablet-align-center","12":"mobile-align-center","13":"ast-product-gallery-layout-horizontal-slider","14":"ast-product-single-variable","15":"ast-product-tabs-layout-horizontal","16":"ast-qv-on-image","18":"first","19":"instock","20":"shipping-taxable","21":"purchasable","22":"product-type-variable"},"yoast_head":"<!-- This site is optimized with the Yoast SEO plugin v27.4 - https:\/\/yoast.com\/product\/yoast-seo-wordpress\/ -->\n<title>CDWi-HV \u2013 Ex High Voltage Junction Box - Blinda<\/title>\n<meta name=\"description\" content=\"A linha de caixas de jun\u00e7\u00e3o Ex para alta tens\u00e3o Ex CDWi\/HV oferece uma solu\u00e7\u00e3o pratica para a termina\u00e7\u00e3o de cabos umbilicais em sistemas de distribui\u00e7\u00e3o.\" \/>\n<meta name=\"robots\" content=\"index, follow, max-snippet:-1, max-image-preview:large, max-video-preview:-1\" \/>\n<link rel=\"canonical\" href=\"https:\/\/blinda.com.br\/en\/cdwi-hv-ex-high-voltage-junction-box\/\" \/>\n<meta property=\"og:locale\" content=\"en_US\" \/>\n<meta property=\"og:type\" content=\"article\" \/>\n<meta property=\"og:title\" content=\"CDWi-HV \u2013 Ex High Voltage Junction Box - Blinda\" \/>\n<meta property=\"og:description\" content=\"A linha de caixas de jun\u00e7\u00e3o Ex para alta tens\u00e3o Ex CDWi\/HV oferece uma solu\u00e7\u00e3o pratica para a termina\u00e7\u00e3o de cabos umbilicais em sistemas de distribui\u00e7\u00e3o.\" \/>\n<meta property=\"og:url\" content=\"https:\/\/blinda.com.br\/en\/cdwi-hv-ex-high-voltage-junction-box\/\" \/>\n<meta property=\"og:site_name\" content=\"Blinda\" \/>\n<meta property=\"article:modified_time\" content=\"2022-11-17T13:55:12+00:00\" \/>\n<meta property=\"og:image\" content=\"https:\/\/blinda.com.br\/novo\/wp-content\/uploads\/2022\/09\/painel-de-alta-tensao-ex-cdwi-hv.webp\" \/>\n\t<meta property=\"og:image:width\" content=\"1200\" \/>\n\t<meta property=\"og:image:height\" content=\"1200\" \/>\n\t<meta property=\"og:image:type\" content=\"image\/webp\" \/>\n<meta name=\"twitter:card\" content=\"summary_large_image\" \/>\n<meta name=\"twitter:label1\" content=\"Est. reading time\" \/>\n\t<meta name=\"twitter:data1\" content=\"1 minute\" \/>\n<script type=\"application\/ld+json\" class=\"yoast-schema-graph\">{\"@context\":\"https:\\\/\\\/schema.org\",\"@graph\":[{\"@type\":\"WebPage\",\"@id\":\"https:\\\/\\\/blinda.com.br\\\/en\\\/cdwi-hv-ex-high-voltage-junction-box\\\/\",\"url\":\"https:\\\/\\\/blinda.com.br\\\/en\\\/cdwi-hv-ex-high-voltage-junction-box\\\/\",\"name\":\"CDWi-HV \u2013 Ex High Voltage Junction Box - Blinda\",\"isPartOf\":{\"@id\":\"https:\\\/\\\/blinda.com.br\\\/en\\\/#website\"},\"primaryImageOfPage\":{\"@id\":\"https:\\\/\\\/blinda.com.br\\\/en\\\/cdwi-hv-ex-high-voltage-junction-box\\\/#primaryimage\"},\"image\":{\"@id\":\"https:\\\/\\\/blinda.com.br\\\/en\\\/cdwi-hv-ex-high-voltage-junction-box\\\/#primaryimage\"},\"thumbnailUrl\":\"https:\\\/\\\/blinda.com.br\\\/novo\\\/wp-content\\\/uploads\\\/2022\\\/09\\\/cdwi-hv-caixa-de-juncao-ex-alta-tensao.webp\",\"datePublished\":\"2022-09-22T16:50:05+00:00\",\"dateModified\":\"2022-11-17T13:55:12+00:00\",\"description\":\"A linha de caixas de jun\u00e7\u00e3o Ex para alta tens\u00e3o Ex CDWi\\\/HV oferece uma solu\u00e7\u00e3o pratica para a termina\u00e7\u00e3o de cabos umbilicais em sistemas de distribui\u00e7\u00e3o.\",\"breadcrumb\":{\"@id\":\"https:\\\/\\\/blinda.com.br\\\/en\\\/cdwi-hv-ex-high-voltage-junction-box\\\/#breadcrumb\"},\"inLanguage\":\"en-US\",\"potentialAction\":[{\"@type\":\"ReadAction\",\"target\":[\"https:\\\/\\\/blinda.com.br\\\/en\\\/cdwi-hv-ex-high-voltage-junction-box\\\/\"]}]},{\"@type\":\"ImageObject\",\"inLanguage\":\"en-US\",\"@id\":\"https:\\\/\\\/blinda.com.br\\\/en\\\/cdwi-hv-ex-high-voltage-junction-box\\\/#primaryimage\",\"url\":\"https:\\\/\\\/blinda.com.br\\\/novo\\\/wp-content\\\/uploads\\\/2022\\\/09\\\/cdwi-hv-caixa-de-juncao-ex-alta-tensao.webp\",\"contentUrl\":\"https:\\\/\\\/blinda.com.br\\\/novo\\\/wp-content\\\/uploads\\\/2022\\\/09\\\/cdwi-hv-caixa-de-juncao-ex-alta-tensao.webp\",\"width\":1200,\"height\":1200},{\"@type\":\"BreadcrumbList\",\"@id\":\"https:\\\/\\\/blinda.com.br\\\/en\\\/cdwi-hv-ex-high-voltage-junction-box\\\/#breadcrumb\",\"itemListElement\":[{\"@type\":\"ListItem\",\"position\":1,\"name\":\"In\u00edcio\",\"item\":\"https:\\\/\\\/blinda.com.br\\\/en\\\/\"},{\"@type\":\"ListItem\",\"position\":2,\"name\":\"Products\",\"item\":\"https:\\\/\\\/blinda.com.br\\\/en\\\/products\\\/\"},{\"@type\":\"ListItem\",\"position\":3,\"name\":\"CDWi-HV \u2013 Ex High Voltage Junction Box\"}]},{\"@type\":\"WebSite\",\"@id\":\"https:\\\/\\\/blinda.com.br\\\/en\\\/#website\",\"url\":\"https:\\\/\\\/blinda.com.br\\\/en\\\/\",\"name\":\"Blinda\",\"description\":\"\",\"publisher\":{\"@id\":\"https:\\\/\\\/blinda.com.br\\\/en\\\/#organization\"},\"potentialAction\":[{\"@type\":\"SearchAction\",\"target\":{\"@type\":\"EntryPoint\",\"urlTemplate\":\"https:\\\/\\\/blinda.com.br\\\/en\\\/?s={search_term_string}\"},\"query-input\":{\"@type\":\"PropertyValueSpecification\",\"valueRequired\":true,\"valueName\":\"search_term_string\"}}],\"inLanguage\":\"en-US\"},{\"@type\":\"Organization\",\"@id\":\"https:\\\/\\\/blinda.com.br\\\/en\\\/#organization\",\"name\":\"Blinda\",\"url\":\"https:\\\/\\\/blinda.com.br\\\/en\\\/\",\"logo\":{\"@type\":\"ImageObject\",\"inLanguage\":\"en-US\",\"@id\":\"https:\\\/\\\/blinda.com.br\\\/en\\\/#\\\/schema\\\/logo\\\/image\\\/\",\"url\":\"https:\\\/\\\/blinda.com.br\\\/novo\\\/wp-content\\\/uploads\\\/2022\\\/04\\\/cropped-Blinda___3_-removebg-preview.png\",\"contentUrl\":\"https:\\\/\\\/blinda.com.br\\\/novo\\\/wp-content\\\/uploads\\\/2022\\\/04\\\/cropped-Blinda___3_-removebg-preview.png\",\"width\":500,\"height\":166,\"caption\":\"Blinda\"},\"image\":{\"@id\":\"https:\\\/\\\/blinda.com.br\\\/en\\\/#\\\/schema\\\/logo\\\/image\\\/\"}}]}<\/script>\n<!-- \/ Yoast SEO plugin. -->","yoast_head_json":{"title":"CDWi-HV \u2013 Ex High Voltage Junction Box - Blinda","description":"A linha de caixas de jun\u00e7\u00e3o Ex para alta tens\u00e3o Ex CDWi\/HV oferece uma solu\u00e7\u00e3o pratica para a termina\u00e7\u00e3o de cabos umbilicais em sistemas de distribui\u00e7\u00e3o.","robots":{"index":"index","follow":"follow","max-snippet":"max-snippet:-1","max-image-preview":"max-image-preview:large","max-video-preview":"max-video-preview:-1"},"canonical":"https:\/\/blinda.com.br\/en\/cdwi-hv-ex-high-voltage-junction-box\/","og_locale":"en_US","og_type":"article","og_title":"CDWi-HV \u2013 Ex High Voltage Junction Box - Blinda","og_description":"A linha de caixas de jun\u00e7\u00e3o Ex para alta tens\u00e3o Ex CDWi\/HV oferece uma solu\u00e7\u00e3o pratica para a termina\u00e7\u00e3o de cabos umbilicais em sistemas de distribui\u00e7\u00e3o.","og_url":"https:\/\/blinda.com.br\/en\/cdwi-hv-ex-high-voltage-junction-box\/","og_site_name":"Blinda","article_modified_time":"2022-11-17T13:55:12+00:00","og_image":[{"width":1200,"height":1200,"url":"https:\/\/blinda.com.br\/novo\/wp-content\/uploads\/2022\/09\/painel-de-alta-tensao-ex-cdwi-hv.webp","type":"image\/webp"}],"twitter_card":"summary_large_image","twitter_misc":{"Est. reading time":"1 minute"},"schema":{"@context":"https:\/\/schema.org","@graph":[{"@type":"WebPage","@id":"https:\/\/blinda.com.br\/en\/cdwi-hv-ex-high-voltage-junction-box\/","url":"https:\/\/blinda.com.br\/en\/cdwi-hv-ex-high-voltage-junction-box\/","name":"CDWi-HV \u2013 Ex High Voltage Junction Box - Blinda","isPartOf":{"@id":"https:\/\/blinda.com.br\/en\/#website"},"primaryImageOfPage":{"@id":"https:\/\/blinda.com.br\/en\/cdwi-hv-ex-high-voltage-junction-box\/#primaryimage"},"image":{"@id":"https:\/\/blinda.com.br\/en\/cdwi-hv-ex-high-voltage-junction-box\/#primaryimage"},"thumbnailUrl":"https:\/\/blinda.com.br\/novo\/wp-content\/uploads\/2022\/09\/cdwi-hv-caixa-de-juncao-ex-alta-tensao.webp","datePublished":"2022-09-22T16:50:05+00:00","dateModified":"2022-11-17T13:55:12+00:00","description":"A linha de caixas de jun\u00e7\u00e3o Ex para alta tens\u00e3o Ex CDWi\/HV oferece uma solu\u00e7\u00e3o pratica para a termina\u00e7\u00e3o de cabos umbilicais em sistemas de distribui\u00e7\u00e3o.","breadcrumb":{"@id":"https:\/\/blinda.com.br\/en\/cdwi-hv-ex-high-voltage-junction-box\/#breadcrumb"},"inLanguage":"en-US","potentialAction":[{"@type":"ReadAction","target":["https:\/\/blinda.com.br\/en\/cdwi-hv-ex-high-voltage-junction-box\/"]}]},{"@type":"ImageObject","inLanguage":"en-US","@id":"https:\/\/blinda.com.br\/en\/cdwi-hv-ex-high-voltage-junction-box\/#primaryimage","url":"https:\/\/blinda.com.br\/novo\/wp-content\/uploads\/2022\/09\/cdwi-hv-caixa-de-juncao-ex-alta-tensao.webp","contentUrl":"https:\/\/blinda.com.br\/novo\/wp-content\/uploads\/2022\/09\/cdwi-hv-caixa-de-juncao-ex-alta-tensao.webp","width":1200,"height":1200},{"@type":"BreadcrumbList","@id":"https:\/\/blinda.com.br\/en\/cdwi-hv-ex-high-voltage-junction-box\/#breadcrumb","itemListElement":[{"@type":"ListItem","position":1,"name":"In\u00edcio","item":"https:\/\/blinda.com.br\/en\/"},{"@type":"ListItem","position":2,"name":"Products","item":"https:\/\/blinda.com.br\/en\/products\/"},{"@type":"ListItem","position":3,"name":"CDWi-HV \u2013 Ex High Voltage Junction Box"}]},{"@type":"WebSite","@id":"https:\/\/blinda.com.br\/en\/#website","url":"https:\/\/blinda.com.br\/en\/","name":"Blinda","description":"","publisher":{"@id":"https:\/\/blinda.com.br\/en\/#organization"},"potentialAction":[{"@type":"SearchAction","target":{"@type":"EntryPoint","urlTemplate":"https:\/\/blinda.com.br\/en\/?s={search_term_string}"},"query-input":{"@type":"PropertyValueSpecification","valueRequired":true,"valueName":"search_term_string"}}],"inLanguage":"en-US"},{"@type":"Organization","@id":"https:\/\/blinda.com.br\/en\/#organization","name":"Blinda","url":"https:\/\/blinda.com.br\/en\/","logo":{"@type":"ImageObject","inLanguage":"en-US","@id":"https:\/\/blinda.com.br\/en\/#\/schema\/logo\/image\/","url":"https:\/\/blinda.com.br\/novo\/wp-content\/uploads\/2022\/04\/cropped-Blinda___3_-removebg-preview.png","contentUrl":"https:\/\/blinda.com.br\/novo\/wp-content\/uploads\/2022\/04\/cropped-Blinda___3_-removebg-preview.png","width":500,"height":166,"caption":"Blinda"},"image":{"@id":"https:\/\/blinda.com.br\/en\/#\/schema\/logo\/image\/"}}]}},"uagb_featured_image_src":{"full":["https:\/\/blinda.com.br\/novo\/wp-content\/uploads\/2022\/09\/cdwi-hv-caixa-de-juncao-ex-alta-tensao.webp",1200,1200,false],"thumbnail":["https:\/\/blinda.com.br\/novo\/wp-content\/uploads\/2022\/09\/cdwi-hv-caixa-de-juncao-ex-alta-tensao-150x150.webp",150,150,true],"medium":["https:\/\/blinda.com.br\/novo\/wp-content\/uploads\/2022\/09\/cdwi-hv-caixa-de-juncao-ex-alta-tensao-300x300.webp",300,300,true],"medium_large":["https:\/\/blinda.com.br\/novo\/wp-content\/uploads\/2022\/09\/cdwi-hv-caixa-de-juncao-ex-alta-tensao-768x768.webp",768,768,true],"large":["https:\/\/blinda.com.br\/novo\/wp-content\/uploads\/2022\/09\/cdwi-hv-caixa-de-juncao-ex-alta-tensao-1024x1024.webp",1024,1024,true],"1536x1536":["https:\/\/blinda.com.br\/novo\/wp-content\/uploads\/2022\/09\/cdwi-hv-caixa-de-juncao-ex-alta-tensao.webp",1200,1200,false],"2048x2048":["https:\/\/blinda.com.br\/novo\/wp-content\/uploads\/2022\/09\/cdwi-hv-caixa-de-juncao-ex-alta-tensao.webp",1200,1200,false],"woocommerce_thumbnail":["https:\/\/blinda.com.br\/novo\/wp-content\/uploads\/2022\/09\/cdwi-hv-caixa-de-juncao-ex-alta-tensao-300x300.webp",300,300,true],"woocommerce_single":["https:\/\/blinda.com.br\/novo\/wp-content\/uploads\/2022\/09\/cdwi-hv-caixa-de-juncao-ex-alta-tensao-600x600.webp",600,600,true],"woocommerce_gallery_thumbnail":["https:\/\/blinda.com.br\/novo\/wp-content\/uploads\/2022\/09\/cdwi-hv-caixa-de-juncao-ex-alta-tensao-100x100.webp",100,100,true],"dgwt-wcas-product-suggestion":["https:\/\/blinda.com.br\/novo\/wp-content\/uploads\/2022\/09\/cdwi-hv-caixa-de-juncao-ex-alta-tensao-64x64.webp",64,64,true]},"uagb_author_info":{"display_name":"mktbl","author_link":"https:\/\/blinda.com.br\/en\/author\/"},"uagb_comment_info":0,"uagb_excerpt":"A linha de pain\u00e9is para alta tens\u00e3o Ex CDWi\/HV oferece uma solu\u00e7\u00e3o pratica para a termina\u00e7\u00e3o de cabos umbilicais utilizados em sistema de distribui\u00e7\u00e3o de alta tens\u00e3o em plataformas offshore e onshore. Possibilita em uma \u00fanica solu\u00e7\u00e3o um compartimento para a interliga\u00e7\u00e3o dos cabos e alimenta\u00e7\u00e3o e em um outro compartimento exclusivo pata a interliga\u00e7\u00e3o&hellip;","_links":{"self":[{"href":"https:\/\/blinda.com.br\/en\/wp-json\/wp\/v2\/product\/2205","targetHints":{"allow":["GET"]}}],"collection":[{"href":"https:\/\/blinda.com.br\/en\/wp-json\/wp\/v2\/product"}],"about":[{"href":"https:\/\/blinda.com.br\/en\/wp-json\/wp\/v2\/types\/product"}],"wp:featuredmedia":[{"embeddable":true,"href":"https:\/\/blinda.com.br\/en\/wp-json\/wp\/v2\/media\/2321"}],"wp:attachment":[{"href":"https:\/\/blinda.com.br\/en\/wp-json\/wp\/v2\/media?parent=2205"}],"wp:term":[{"taxonomy":"product_brand","embeddable":true,"href":"https:\/\/blinda.com.br\/en\/wp-json\/wp\/v2\/product_brand?post=2205"},{"taxonomy":"product_cat","embeddable":true,"href":"https:\/\/blinda.com.br\/en\/wp-json\/wp\/v2\/product_cat?post=2205"},{"taxonomy":"product_tag","embeddable":true,"href":"https:\/\/blinda.com.br\/en\/wp-json\/wp\/v2\/product_tag?post=2205"}],"curies":[{"name":"wp","href":"https:\/\/api.w.org\/{rel}","templated":true}]}}