{"id":1927,"date":"2022-05-07T07:28:07","date_gmt":"2022-05-07T10:28:07","guid":{"rendered":"https:\/\/blinda.com.br\/produto\/painel-de-distribuicao-ex-de-aco-inoxidavel-ghg-619\/"},"modified":"2022-08-17T12:18:24","modified_gmt":"2022-08-17T15:18:24","slug":"ghg-619-ex-control-and-distribution-systems-in-stainless-steel","status":"publish","type":"product","link":"https:\/\/blinda.com.br\/en\/ghg-619-ex-control-and-distribution-systems-in-stainless-steel\/","title":{"rendered":"GHG 619 &#8211; Ex Control and Distribution Systems in Stainless Steel"},"content":{"rendered":"<p>Os pain\u00e9is de distribui\u00e7\u00e3o Ex de a\u00e7o inoxid\u00e1vel, com disjuntores MCB, s\u00e3o utilizados para circuitos de ilumina\u00e7\u00e3o, circuitos de aquecimento, circuitos de tomadas, alimenta\u00e7\u00e3o de v\u00e1lvulas motorizadas, Centro de Controle de Motores (CCM), instrumenta\u00e7\u00e3o e automa\u00e7\u00e3o, dentre outros.<\/p>\n<p><span style=\"font-size: 16px;\"><strong>Documentos para download<\/strong><\/span><br \/>\n<a href=\"https:\/\/blinda.com.br\/documentos\/produtos\/certificados\/certificado-ghg-619.pdf\" target=\"_blank\" rel=\"noopener\">Certificado<\/a><\/p>\n","protected":false},"excerpt":{"rendered":"<p>Os pain\u00e9is de distribui\u00e7\u00e3o Ex de a\u00e7o inoxid\u00e1vel, com disjuntores MCB, s\u00e3o utilizados para circuitos de ilumina\u00e7\u00e3o, circuitos de aquecimento, circuitos de tomadas, alimenta\u00e7\u00e3o de v\u00e1lvulas motorizadas, Centro de Controle de Motores (CCM), instrumenta\u00e7\u00e3o e automa\u00e7\u00e3o, dentre outros. Documentos para download Certificado<\/p>\n","protected":false},"featured_media":1663,"template":"","meta":{"_uag_custom_page_level_css":"","_monsterinsights_skip_tracking":false,"_monsterinsights_sitenote_active":false,"_monsterinsights_sitenote_note":"","_monsterinsights_sitenote_category":0,"site-sidebar-layout":"default","site-content-layout":"default","ast-site-content-layout":"default","site-content-style":"default","site-sidebar-style":"default","ast-global-header-display":"","ast-banner-title-visibility":"","ast-main-header-display":"","ast-hfb-above-header-display":"","ast-hfb-below-header-display":"","ast-hfb-mobile-header-display":"","site-post-title":"","ast-breadcrumbs-content":"","ast-featured-img":"","footer-sml-layout":"","ast-disable-related-posts":"","theme-transparent-header-meta":"default","adv-header-id-meta":"","stick-header-meta":"","header-above-stick-meta":"","header-main-stick-meta":"","header-below-stick-meta":"","astra-migrate-meta-layouts":"default","ast-page-background-enabled":"default","ast-page-background-meta":{"desktop":{"background-color":"","background-image":"","background-repeat":"repeat","background-position":"center center","background-size":"auto","background-attachment":"scroll","background-type":"","background-media":"","overlay-type":"","overlay-color":"","overlay-opacity":"","overlay-gradient":""},"tablet":{"background-color":"","background-image":"","background-repeat":"repeat","background-position":"center center","background-size":"auto","background-attachment":"scroll","background-type":"","background-media":"","overlay-type":"","overlay-color":"","overlay-opacity":"","overlay-gradient":""},"mobile":{"background-color":"","background-image":"","background-repeat":"repeat","background-position":"center center","background-size":"auto","background-attachment":"scroll","background-type":"","background-media":"","overlay-type":"","overlay-color":"","overlay-opacity":"","overlay-gradient":""}},"ast-content-background-meta":{"desktop":{"background-color":"var(--ast-global-color-5)","background-image":"","background-repeat":"repeat","background-position":"center center","background-size":"auto","background-attachment":"scroll","background-type":"","background-media":"","overlay-type":"","overlay-color":"","overlay-opacity":"","overlay-gradient":""},"tablet":{"background-color":"var(--ast-global-color-5)","background-image":"","background-repeat":"repeat","background-position":"center center","background-size":"auto","background-attachment":"scroll","background-type":"","background-media":"","overlay-type":"","overlay-color":"","overlay-opacity":"","overlay-gradient":""},"mobile":{"background-color":"var(--ast-global-color-5)","background-image":"","background-repeat":"repeat","background-position":"center center","background-size":"auto","background-attachment":"scroll","background-type":"","background-media":"","overlay-type":"","overlay-color":"","overlay-opacity":"","overlay-gradient":""}}},"product_brand":[],"product_cat":[152],"product_tag":[161,181,182],"class_list":{"0":"post-1927","1":"product","2":"type-product","3":"status-publish","4":"has-post-thumbnail","6":"product_cat-ex-control-and-distribution-systems","7":"product_tag-blinda-en","8":"product_tag-ghg-619-223-en","9":"product_tag-painel-de-distribuicao-ex-en","10":"pa_material-stainless-steel","11":"pa_tipos-de-protecao-enhanced-security","12":"desktop-align-center","13":"tablet-align-center","14":"mobile-align-center","15":"ast-product-gallery-layout-horizontal-slider","16":"ast-product-gallery-with-no-image","17":"ast-product-single-variable","18":"ast-product-tabs-layout-horizontal","19":"ast-qv-on-image","21":"first","22":"instock","23":"shipping-taxable","24":"purchasable","25":"product-type-variable"},"yoast_head":"<!-- This site is optimized with the Yoast SEO plugin v27.3 - https:\/\/yoast.com\/product\/yoast-seo-wordpress\/ -->\n<title>GHG 619 - Ex Control and Distribution Systems in Stainless Steel - Blinda<\/title>\n<meta name=\"description\" content=\"Pain\u00e9is de distribui\u00e7\u00e3o Ex de a\u00e7o inoxid\u00e1vel para circuitos de ilumina\u00e7\u00e3o, circuitos de aquecimento, circuitos de tomadas, entre outros.\" \/>\n<meta name=\"robots\" content=\"index, follow, max-snippet:-1, max-image-preview:large, max-video-preview:-1\" \/>\n<link rel=\"canonical\" href=\"https:\/\/blinda.com.br\/en\/ghg-619-ex-control-and-distribution-systems-in-stainless-steel\/\" \/>\n<meta property=\"og:locale\" content=\"en_US\" \/>\n<meta property=\"og:type\" content=\"article\" \/>\n<meta property=\"og:title\" content=\"GHG 619 - Ex Control and Distribution Systems in Stainless Steel - Blinda\" \/>\n<meta property=\"og:description\" content=\"Pain\u00e9is de distribui\u00e7\u00e3o Ex de a\u00e7o inoxid\u00e1vel para circuitos de ilumina\u00e7\u00e3o, circuitos de aquecimento, circuitos de tomadas, entre outros.\" \/>\n<meta property=\"og:url\" content=\"https:\/\/blinda.com.br\/en\/ghg-619-ex-control-and-distribution-systems-in-stainless-steel\/\" \/>\n<meta property=\"og:site_name\" content=\"Blinda\" \/>\n<meta property=\"article:modified_time\" content=\"2022-08-17T15:18:24+00:00\" \/>\n<meta property=\"og:image\" content=\"https:\/\/blinda.com.br\/novo\/wp-content\/uploads\/2022\/05\/painel-distribuicao-ex-exko-223-1.webp\" \/>\n\t<meta property=\"og:image:width\" content=\"500\" \/>\n\t<meta property=\"og:image:height\" content=\"500\" \/>\n\t<meta property=\"og:image:type\" content=\"image\/webp\" \/>\n<meta name=\"twitter:card\" content=\"summary_large_image\" \/>\n<meta name=\"twitter:label1\" content=\"Est. reading time\" \/>\n\t<meta name=\"twitter:data1\" content=\"1 minute\" \/>\n<script type=\"application\/ld+json\" class=\"yoast-schema-graph\">{\"@context\":\"https:\\\/\\\/schema.org\",\"@graph\":[{\"@type\":\"WebPage\",\"@id\":\"https:\\\/\\\/blinda.com.br\\\/en\\\/ghg-619-ex-control-and-distribution-systems-in-stainless-steel\\\/\",\"url\":\"https:\\\/\\\/blinda.com.br\\\/en\\\/ghg-619-ex-control-and-distribution-systems-in-stainless-steel\\\/\",\"name\":\"GHG 619 - Ex Control and Distribution Systems in Stainless Steel - Blinda\",\"isPartOf\":{\"@id\":\"https:\\\/\\\/blinda.com.br\\\/en\\\/#website\"},\"primaryImageOfPage\":{\"@id\":\"https:\\\/\\\/blinda.com.br\\\/en\\\/ghg-619-ex-control-and-distribution-systems-in-stainless-steel\\\/#primaryimage\"},\"image\":{\"@id\":\"https:\\\/\\\/blinda.com.br\\\/en\\\/ghg-619-ex-control-and-distribution-systems-in-stainless-steel\\\/#primaryimage\"},\"thumbnailUrl\":\"https:\\\/\\\/blinda.com.br\\\/novo\\\/wp-content\\\/uploads\\\/2022\\\/05\\\/painel-distribuicao-ex-exko-223-1.webp\",\"datePublished\":\"2022-05-07T10:28:07+00:00\",\"dateModified\":\"2022-08-17T15:18:24+00:00\",\"description\":\"Pain\u00e9is de distribui\u00e7\u00e3o Ex de a\u00e7o inoxid\u00e1vel para circuitos de ilumina\u00e7\u00e3o, circuitos de aquecimento, circuitos de tomadas, entre outros.\",\"breadcrumb\":{\"@id\":\"https:\\\/\\\/blinda.com.br\\\/en\\\/ghg-619-ex-control-and-distribution-systems-in-stainless-steel\\\/#breadcrumb\"},\"inLanguage\":\"en-US\",\"potentialAction\":[{\"@type\":\"ReadAction\",\"target\":[\"https:\\\/\\\/blinda.com.br\\\/en\\\/ghg-619-ex-control-and-distribution-systems-in-stainless-steel\\\/\"]}]},{\"@type\":\"ImageObject\",\"inLanguage\":\"en-US\",\"@id\":\"https:\\\/\\\/blinda.com.br\\\/en\\\/ghg-619-ex-control-and-distribution-systems-in-stainless-steel\\\/#primaryimage\",\"url\":\"https:\\\/\\\/blinda.com.br\\\/novo\\\/wp-content\\\/uploads\\\/2022\\\/05\\\/painel-distribuicao-ex-exko-223-1.webp\",\"contentUrl\":\"https:\\\/\\\/blinda.com.br\\\/novo\\\/wp-content\\\/uploads\\\/2022\\\/05\\\/painel-distribuicao-ex-exko-223-1.webp\",\"width\":500,\"height\":500},{\"@type\":\"BreadcrumbList\",\"@id\":\"https:\\\/\\\/blinda.com.br\\\/en\\\/ghg-619-ex-control-and-distribution-systems-in-stainless-steel\\\/#breadcrumb\",\"itemListElement\":[{\"@type\":\"ListItem\",\"position\":1,\"name\":\"In\u00edcio\",\"item\":\"https:\\\/\\\/blinda.com.br\\\/en\\\/\"},{\"@type\":\"ListItem\",\"position\":2,\"name\":\"Products\",\"item\":\"https:\\\/\\\/blinda.com.br\\\/en\\\/products\\\/\"},{\"@type\":\"ListItem\",\"position\":3,\"name\":\"GHG 619 &#8211; Ex Control and Distribution Systems in Stainless Steel\"}]},{\"@type\":\"WebSite\",\"@id\":\"https:\\\/\\\/blinda.com.br\\\/en\\\/#website\",\"url\":\"https:\\\/\\\/blinda.com.br\\\/en\\\/\",\"name\":\"Blinda\",\"description\":\"\",\"publisher\":{\"@id\":\"https:\\\/\\\/blinda.com.br\\\/en\\\/#organization\"},\"potentialAction\":[{\"@type\":\"SearchAction\",\"target\":{\"@type\":\"EntryPoint\",\"urlTemplate\":\"https:\\\/\\\/blinda.com.br\\\/en\\\/?s={search_term_string}\"},\"query-input\":{\"@type\":\"PropertyValueSpecification\",\"valueRequired\":true,\"valueName\":\"search_term_string\"}}],\"inLanguage\":\"en-US\"},{\"@type\":\"Organization\",\"@id\":\"https:\\\/\\\/blinda.com.br\\\/en\\\/#organization\",\"name\":\"Blinda\",\"url\":\"https:\\\/\\\/blinda.com.br\\\/en\\\/\",\"logo\":{\"@type\":\"ImageObject\",\"inLanguage\":\"en-US\",\"@id\":\"https:\\\/\\\/blinda.com.br\\\/en\\\/#\\\/schema\\\/logo\\\/image\\\/\",\"url\":\"https:\\\/\\\/blinda.com.br\\\/novo\\\/wp-content\\\/uploads\\\/2022\\\/04\\\/cropped-Blinda___3_-removebg-preview.png\",\"contentUrl\":\"https:\\\/\\\/blinda.com.br\\\/novo\\\/wp-content\\\/uploads\\\/2022\\\/04\\\/cropped-Blinda___3_-removebg-preview.png\",\"width\":500,\"height\":166,\"caption\":\"Blinda\"},\"image\":{\"@id\":\"https:\\\/\\\/blinda.com.br\\\/en\\\/#\\\/schema\\\/logo\\\/image\\\/\"}}]}<\/script>\n<!-- \/ Yoast SEO plugin. -->","yoast_head_json":{"title":"GHG 619 - Ex Control and Distribution Systems in Stainless Steel - Blinda","description":"Pain\u00e9is de distribui\u00e7\u00e3o Ex de a\u00e7o inoxid\u00e1vel para circuitos de ilumina\u00e7\u00e3o, circuitos de aquecimento, circuitos de tomadas, entre outros.","robots":{"index":"index","follow":"follow","max-snippet":"max-snippet:-1","max-image-preview":"max-image-preview:large","max-video-preview":"max-video-preview:-1"},"canonical":"https:\/\/blinda.com.br\/en\/ghg-619-ex-control-and-distribution-systems-in-stainless-steel\/","og_locale":"en_US","og_type":"article","og_title":"GHG 619 - Ex Control and Distribution Systems in Stainless Steel - Blinda","og_description":"Pain\u00e9is de distribui\u00e7\u00e3o Ex de a\u00e7o inoxid\u00e1vel para circuitos de ilumina\u00e7\u00e3o, circuitos de aquecimento, circuitos de tomadas, entre outros.","og_url":"https:\/\/blinda.com.br\/en\/ghg-619-ex-control-and-distribution-systems-in-stainless-steel\/","og_site_name":"Blinda","article_modified_time":"2022-08-17T15:18:24+00:00","og_image":[{"width":500,"height":500,"url":"https:\/\/blinda.com.br\/novo\/wp-content\/uploads\/2022\/05\/painel-distribuicao-ex-exko-223-1.webp","type":"image\/webp"}],"twitter_card":"summary_large_image","twitter_misc":{"Est. reading time":"1 minute"},"schema":{"@context":"https:\/\/schema.org","@graph":[{"@type":"WebPage","@id":"https:\/\/blinda.com.br\/en\/ghg-619-ex-control-and-distribution-systems-in-stainless-steel\/","url":"https:\/\/blinda.com.br\/en\/ghg-619-ex-control-and-distribution-systems-in-stainless-steel\/","name":"GHG 619 - Ex Control and Distribution Systems in Stainless Steel - Blinda","isPartOf":{"@id":"https:\/\/blinda.com.br\/en\/#website"},"primaryImageOfPage":{"@id":"https:\/\/blinda.com.br\/en\/ghg-619-ex-control-and-distribution-systems-in-stainless-steel\/#primaryimage"},"image":{"@id":"https:\/\/blinda.com.br\/en\/ghg-619-ex-control-and-distribution-systems-in-stainless-steel\/#primaryimage"},"thumbnailUrl":"https:\/\/blinda.com.br\/novo\/wp-content\/uploads\/2022\/05\/painel-distribuicao-ex-exko-223-1.webp","datePublished":"2022-05-07T10:28:07+00:00","dateModified":"2022-08-17T15:18:24+00:00","description":"Pain\u00e9is de distribui\u00e7\u00e3o Ex de a\u00e7o inoxid\u00e1vel para circuitos de ilumina\u00e7\u00e3o, circuitos de aquecimento, circuitos de tomadas, entre outros.","breadcrumb":{"@id":"https:\/\/blinda.com.br\/en\/ghg-619-ex-control-and-distribution-systems-in-stainless-steel\/#breadcrumb"},"inLanguage":"en-US","potentialAction":[{"@type":"ReadAction","target":["https:\/\/blinda.com.br\/en\/ghg-619-ex-control-and-distribution-systems-in-stainless-steel\/"]}]},{"@type":"ImageObject","inLanguage":"en-US","@id":"https:\/\/blinda.com.br\/en\/ghg-619-ex-control-and-distribution-systems-in-stainless-steel\/#primaryimage","url":"https:\/\/blinda.com.br\/novo\/wp-content\/uploads\/2022\/05\/painel-distribuicao-ex-exko-223-1.webp","contentUrl":"https:\/\/blinda.com.br\/novo\/wp-content\/uploads\/2022\/05\/painel-distribuicao-ex-exko-223-1.webp","width":500,"height":500},{"@type":"BreadcrumbList","@id":"https:\/\/blinda.com.br\/en\/ghg-619-ex-control-and-distribution-systems-in-stainless-steel\/#breadcrumb","itemListElement":[{"@type":"ListItem","position":1,"name":"In\u00edcio","item":"https:\/\/blinda.com.br\/en\/"},{"@type":"ListItem","position":2,"name":"Products","item":"https:\/\/blinda.com.br\/en\/products\/"},{"@type":"ListItem","position":3,"name":"GHG 619 &#8211; Ex Control and Distribution Systems in Stainless Steel"}]},{"@type":"WebSite","@id":"https:\/\/blinda.com.br\/en\/#website","url":"https:\/\/blinda.com.br\/en\/","name":"Blinda","description":"","publisher":{"@id":"https:\/\/blinda.com.br\/en\/#organization"},"potentialAction":[{"@type":"SearchAction","target":{"@type":"EntryPoint","urlTemplate":"https:\/\/blinda.com.br\/en\/?s={search_term_string}"},"query-input":{"@type":"PropertyValueSpecification","valueRequired":true,"valueName":"search_term_string"}}],"inLanguage":"en-US"},{"@type":"Organization","@id":"https:\/\/blinda.com.br\/en\/#organization","name":"Blinda","url":"https:\/\/blinda.com.br\/en\/","logo":{"@type":"ImageObject","inLanguage":"en-US","@id":"https:\/\/blinda.com.br\/en\/#\/schema\/logo\/image\/","url":"https:\/\/blinda.com.br\/novo\/wp-content\/uploads\/2022\/04\/cropped-Blinda___3_-removebg-preview.png","contentUrl":"https:\/\/blinda.com.br\/novo\/wp-content\/uploads\/2022\/04\/cropped-Blinda___3_-removebg-preview.png","width":500,"height":166,"caption":"Blinda"},"image":{"@id":"https:\/\/blinda.com.br\/en\/#\/schema\/logo\/image\/"}}]}},"uagb_featured_image_src":{"full":["https:\/\/blinda.com.br\/novo\/wp-content\/uploads\/2022\/05\/painel-distribuicao-ex-exko-223-1.webp",500,500,false],"thumbnail":["https:\/\/blinda.com.br\/novo\/wp-content\/uploads\/2022\/05\/painel-distribuicao-ex-exko-223-1-150x150.webp",150,150,true],"medium":["https:\/\/blinda.com.br\/novo\/wp-content\/uploads\/2022\/05\/painel-distribuicao-ex-exko-223-1-300x300.webp",300,300,true],"medium_large":["https:\/\/blinda.com.br\/novo\/wp-content\/uploads\/2022\/05\/painel-distribuicao-ex-exko-223-1.webp",500,500,false],"large":["https:\/\/blinda.com.br\/novo\/wp-content\/uploads\/2022\/05\/painel-distribuicao-ex-exko-223-1.webp",500,500,false],"1536x1536":["https:\/\/blinda.com.br\/novo\/wp-content\/uploads\/2022\/05\/painel-distribuicao-ex-exko-223-1.webp",500,500,false],"2048x2048":["https:\/\/blinda.com.br\/novo\/wp-content\/uploads\/2022\/05\/painel-distribuicao-ex-exko-223-1.webp",500,500,false],"woocommerce_thumbnail":["https:\/\/blinda.com.br\/novo\/wp-content\/uploads\/2022\/05\/painel-distribuicao-ex-exko-223-1-300x300.webp",300,300,true],"woocommerce_single":["https:\/\/blinda.com.br\/novo\/wp-content\/uploads\/2022\/05\/painel-distribuicao-ex-exko-223-1.webp",500,500,false],"woocommerce_gallery_thumbnail":["https:\/\/blinda.com.br\/novo\/wp-content\/uploads\/2022\/05\/painel-distribuicao-ex-exko-223-1-100x100.webp",100,100,true],"dgwt-wcas-product-suggestion":["https:\/\/blinda.com.br\/novo\/wp-content\/uploads\/2022\/05\/painel-distribuicao-ex-exko-223-1-64x64.webp",64,64,true]},"uagb_author_info":{"display_name":"mktbl","author_link":"https:\/\/blinda.com.br\/en\/author\/"},"uagb_comment_info":0,"uagb_excerpt":"Os pain\u00e9is de distribui\u00e7\u00e3o Ex de a\u00e7o inoxid\u00e1vel, com disjuntores MCB, s\u00e3o utilizados para circuitos de ilumina\u00e7\u00e3o, circuitos de aquecimento, circuitos de tomadas, alimenta\u00e7\u00e3o de v\u00e1lvulas motorizadas, Centro de Controle de Motores (CCM), instrumenta\u00e7\u00e3o e automa\u00e7\u00e3o, dentre outros. Documentos para download Certificado","_links":{"self":[{"href":"https:\/\/blinda.com.br\/en\/wp-json\/wp\/v2\/product\/1927","targetHints":{"allow":["GET"]}}],"collection":[{"href":"https:\/\/blinda.com.br\/en\/wp-json\/wp\/v2\/product"}],"about":[{"href":"https:\/\/blinda.com.br\/en\/wp-json\/wp\/v2\/types\/product"}],"wp:featuredmedia":[{"embeddable":true,"href":"https:\/\/blinda.com.br\/en\/wp-json\/wp\/v2\/media\/1663"}],"wp:attachment":[{"href":"https:\/\/blinda.com.br\/en\/wp-json\/wp\/v2\/media?parent=1927"}],"wp:term":[{"taxonomy":"product_brand","embeddable":true,"href":"https:\/\/blinda.com.br\/en\/wp-json\/wp\/v2\/product_brand?post=1927"},{"taxonomy":"product_cat","embeddable":true,"href":"https:\/\/blinda.com.br\/en\/wp-json\/wp\/v2\/product_cat?post=1927"},{"taxonomy":"product_tag","embeddable":true,"href":"https:\/\/blinda.com.br\/en\/wp-json\/wp\/v2\/product_tag?post=1927"}],"curies":[{"name":"wp","href":"https:\/\/api.w.org\/{rel}","templated":true}]}}