{"id":1890,"date":"2022-05-03T11:27:29","date_gmt":"2022-05-03T14:27:29","guid":{"rendered":"https:\/\/blinda.com.br\/produto\/caixa-de-ligacao-e-distribuicao-ex-cbx\/"},"modified":"2023-11-09T12:08:39","modified_gmt":"2023-11-09T15:08:39","slug":"cbx-ex-control-and-distribution-systems","status":"publish","type":"product","link":"https:\/\/blinda.com.br\/en\/cbx-ex-control-and-distribution-systems\/","title":{"rendered":"CBX &#8211; Ex Control and Distribution Systems"},"content":{"rendered":"<p>Fabricado em alum\u00ednio, acabamento em poli\u00e9ster na cor cinza, possui excelente resist\u00eancia \u00e0 corros\u00e3o qu\u00edmica e mec\u00e2nica. Pintura da caixa eletrost\u00e1tica a p\u00f3 cor cinza Munsell N6.5 Poli\u00e9ster, Placa de montagem em laranja 2,5YR 6\/14. Instala\u00e7\u00e3o em \u00e1reas classificadas, nas ind\u00fastrias qu\u00edmicas, petroqu\u00edmicas, de tintas e vernizes, farmac\u00eauticas, aliment\u00edcias, cabines de pintura, deposito de<br \/>\nprodutos inflam\u00e1veis entre outros.<\/p>\n<p><span style=\"font-size: 16px;\"><strong>Documentos para download<\/strong><\/span><br \/>\n<a href=\"https:\/\/blinda.com.br\/documentos\/produtos\/datasheet-caixa-de-ligacao-e-distribuicao-ex-cbx.pdf\" target=\"_blank\" rel=\"noopener\">Datasheet<\/a><br \/>\n<a href=\"https:\/\/blinda.com.br\/documentos\/produtos\/manual-caixa-de-ligacao-e-distribuicao-ex-cbx.pdf\" target=\"_blank\" rel=\"noopener\">Manual<\/a><br \/>\n<a href=\"https:\/\/blinda.com.br\/documentos\/produtos\/certificados\/certificado-cbx.pdf\" target=\"_blank\" rel=\"noopener\">Certificado<\/a><\/p>\n","protected":false},"excerpt":{"rendered":"<p>Fabricado em alum\u00ednio, acabamento em poli\u00e9ster na cor cinza, possui excelente resist\u00eancia \u00e0 corros\u00e3o qu\u00edmica e mec\u00e2nica. Pintura da caixa eletrost\u00e1tica a p\u00f3 cor cinza Munsell N6.5 Poli\u00e9ster, Placa de montagem em laranja 2,5YR 6\/14. Instala\u00e7\u00e3o em \u00e1reas classificadas, nas ind\u00fastrias qu\u00edmicas, petroqu\u00edmicas, de tintas e vernizes, farmac\u00eauticas, aliment\u00edcias, cabines de pintura, deposito de produtos [&hellip;]<\/p>\n","protected":false},"featured_media":1694,"template":"","meta":{"_uag_custom_page_level_css":"","_monsterinsights_skip_tracking":false,"_monsterinsights_sitenote_active":false,"_monsterinsights_sitenote_note":"","_monsterinsights_sitenote_category":0,"site-sidebar-layout":"default","site-content-layout":"default","ast-site-content-layout":"default","site-content-style":"default","site-sidebar-style":"default","ast-global-header-display":"","ast-banner-title-visibility":"","ast-main-header-display":"","ast-hfb-above-header-display":"","ast-hfb-below-header-display":"","ast-hfb-mobile-header-display":"","site-post-title":"","ast-breadcrumbs-content":"","ast-featured-img":"","footer-sml-layout":"","ast-disable-related-posts":"","theme-transparent-header-meta":"default","adv-header-id-meta":"","stick-header-meta":"","header-above-stick-meta":"","header-main-stick-meta":"","header-below-stick-meta":"","astra-migrate-meta-layouts":"set","ast-page-background-enabled":"default","ast-page-background-meta":{"desktop":{"background-color":"","background-image":"","background-repeat":"repeat","background-position":"center center","background-size":"auto","background-attachment":"scroll","background-type":"","background-media":"","overlay-type":"","overlay-color":"","overlay-opacity":"","overlay-gradient":""},"tablet":{"background-color":"","background-image":"","background-repeat":"repeat","background-position":"center center","background-size":"auto","background-attachment":"scroll","background-type":"","background-media":"","overlay-type":"","overlay-color":"","overlay-opacity":"","overlay-gradient":""},"mobile":{"background-color":"","background-image":"","background-repeat":"repeat","background-position":"center center","background-size":"auto","background-attachment":"scroll","background-type":"","background-media":"","overlay-type":"","overlay-color":"","overlay-opacity":"","overlay-gradient":""}},"ast-content-background-meta":{"desktop":{"background-color":"var(--ast-global-color-5)","background-image":"","background-repeat":"repeat","background-position":"center center","background-size":"auto","background-attachment":"scroll","background-type":"","background-media":"","overlay-type":"","overlay-color":"","overlay-opacity":"","overlay-gradient":""},"tablet":{"background-color":"var(--ast-global-color-5)","background-image":"","background-repeat":"repeat","background-position":"center center","background-size":"auto","background-attachment":"scroll","background-type":"","background-media":"","overlay-type":"","overlay-color":"","overlay-opacity":"","overlay-gradient":""},"mobile":{"background-color":"var(--ast-global-color-5)","background-image":"","background-repeat":"repeat","background-position":"center center","background-size":"auto","background-attachment":"scroll","background-type":"","background-media":"","overlay-type":"","overlay-color":"","overlay-opacity":"","overlay-gradient":""}}},"product_brand":[],"product_cat":[152,146],"product_tag":[161,175],"class_list":{"0":"post-1890","1":"product","2":"type-product","3":"status-publish","4":"has-post-thumbnail","6":"product_cat-ex-control-and-distribution-systems","7":"product_cat-ex-junction-box","8":"product_tag-blinda-en","9":"product_tag-cbx-en","10":"pa_material-aluminum","11":"pa_tipos-de-protecao-explosion-proof","12":"desktop-align-center","13":"tablet-align-center","14":"mobile-align-center","15":"ast-product-gallery-layout-horizontal-slider","16":"ast-product-single-variable","17":"ast-product-tabs-layout-horizontal","18":"ast-qv-on-image","20":"first","21":"instock","22":"shipping-taxable","23":"purchasable","24":"product-type-variable"},"yoast_head":"<!-- This site is optimized with the Yoast SEO plugin v27.3 - https:\/\/yoast.com\/product\/yoast-seo-wordpress\/ -->\n<title>CBX - Ex Control and Distribution Systems - Blinda<\/title>\n<meta name=\"description\" content=\"Fabricado em alum\u00ednio, acabamento em poli\u00e9ster na cor cinza, possui excelente resist\u00eancia \u00e0 corros\u00e3o qu\u00edmica e mec\u00e2nica\" \/>\n<meta name=\"robots\" content=\"index, follow, max-snippet:-1, max-image-preview:large, max-video-preview:-1\" \/>\n<link rel=\"canonical\" href=\"https:\/\/blinda.com.br\/en\/cbx-ex-control-and-distribution-systems\/\" \/>\n<meta property=\"og:locale\" content=\"en_US\" \/>\n<meta property=\"og:type\" content=\"article\" \/>\n<meta property=\"og:title\" content=\"CBX - Ex Control and Distribution Systems - Blinda\" \/>\n<meta property=\"og:description\" content=\"Fabricado em alum\u00ednio, acabamento em poli\u00e9ster na cor cinza, possui excelente resist\u00eancia \u00e0 corros\u00e3o qu\u00edmica e mec\u00e2nica\" \/>\n<meta property=\"og:url\" content=\"https:\/\/blinda.com.br\/en\/cbx-ex-control-and-distribution-systems\/\" \/>\n<meta property=\"og:site_name\" content=\"Blinda\" \/>\n<meta property=\"article:modified_time\" content=\"2023-11-09T15:08:39+00:00\" \/>\n<meta property=\"og:image\" content=\"https:\/\/blinda.com.br\/novo\/wp-content\/uploads\/2022\/05\/caixa-ligacao-distribuicao-ex-cbx.webp\" \/>\n\t<meta property=\"og:image:width\" content=\"1200\" \/>\n\t<meta property=\"og:image:height\" content=\"1200\" \/>\n\t<meta property=\"og:image:type\" content=\"image\/webp\" \/>\n<meta name=\"twitter:card\" content=\"summary_large_image\" \/>\n<meta name=\"twitter:label1\" content=\"Est. reading time\" \/>\n\t<meta name=\"twitter:data1\" content=\"1 minute\" \/>\n<script type=\"application\/ld+json\" class=\"yoast-schema-graph\">{\"@context\":\"https:\\\/\\\/schema.org\",\"@graph\":[{\"@type\":\"WebPage\",\"@id\":\"https:\\\/\\\/blinda.com.br\\\/en\\\/cbx-ex-control-and-distribution-systems\\\/\",\"url\":\"https:\\\/\\\/blinda.com.br\\\/en\\\/cbx-ex-control-and-distribution-systems\\\/\",\"name\":\"CBX - Ex Control and Distribution Systems - Blinda\",\"isPartOf\":{\"@id\":\"https:\\\/\\\/blinda.com.br\\\/en\\\/#website\"},\"primaryImageOfPage\":{\"@id\":\"https:\\\/\\\/blinda.com.br\\\/en\\\/cbx-ex-control-and-distribution-systems\\\/#primaryimage\"},\"image\":{\"@id\":\"https:\\\/\\\/blinda.com.br\\\/en\\\/cbx-ex-control-and-distribution-systems\\\/#primaryimage\"},\"thumbnailUrl\":\"https:\\\/\\\/blinda.com.br\\\/novo\\\/wp-content\\\/uploads\\\/2022\\\/05\\\/caixa-ligacao-distribuicao-ex-cbx.webp\",\"datePublished\":\"2022-05-03T14:27:29+00:00\",\"dateModified\":\"2023-11-09T15:08:39+00:00\",\"description\":\"Fabricado em alum\u00ednio, acabamento em poli\u00e9ster na cor cinza, possui excelente resist\u00eancia \u00e0 corros\u00e3o qu\u00edmica e mec\u00e2nica\",\"breadcrumb\":{\"@id\":\"https:\\\/\\\/blinda.com.br\\\/en\\\/cbx-ex-control-and-distribution-systems\\\/#breadcrumb\"},\"inLanguage\":\"en-US\",\"potentialAction\":[{\"@type\":\"ReadAction\",\"target\":[\"https:\\\/\\\/blinda.com.br\\\/en\\\/cbx-ex-control-and-distribution-systems\\\/\"]}]},{\"@type\":\"ImageObject\",\"inLanguage\":\"en-US\",\"@id\":\"https:\\\/\\\/blinda.com.br\\\/en\\\/cbx-ex-control-and-distribution-systems\\\/#primaryimage\",\"url\":\"https:\\\/\\\/blinda.com.br\\\/novo\\\/wp-content\\\/uploads\\\/2022\\\/05\\\/caixa-ligacao-distribuicao-ex-cbx.webp\",\"contentUrl\":\"https:\\\/\\\/blinda.com.br\\\/novo\\\/wp-content\\\/uploads\\\/2022\\\/05\\\/caixa-ligacao-distribuicao-ex-cbx.webp\",\"width\":1200,\"height\":1200},{\"@type\":\"BreadcrumbList\",\"@id\":\"https:\\\/\\\/blinda.com.br\\\/en\\\/cbx-ex-control-and-distribution-systems\\\/#breadcrumb\",\"itemListElement\":[{\"@type\":\"ListItem\",\"position\":1,\"name\":\"In\u00edcio\",\"item\":\"https:\\\/\\\/blinda.com.br\\\/en\\\/\"},{\"@type\":\"ListItem\",\"position\":2,\"name\":\"Products\",\"item\":\"https:\\\/\\\/blinda.com.br\\\/en\\\/products\\\/\"},{\"@type\":\"ListItem\",\"position\":3,\"name\":\"CBX &#8211; Ex Control and Distribution Systems\"}]},{\"@type\":\"WebSite\",\"@id\":\"https:\\\/\\\/blinda.com.br\\\/en\\\/#website\",\"url\":\"https:\\\/\\\/blinda.com.br\\\/en\\\/\",\"name\":\"Blinda\",\"description\":\"\",\"publisher\":{\"@id\":\"https:\\\/\\\/blinda.com.br\\\/en\\\/#organization\"},\"potentialAction\":[{\"@type\":\"SearchAction\",\"target\":{\"@type\":\"EntryPoint\",\"urlTemplate\":\"https:\\\/\\\/blinda.com.br\\\/en\\\/?s={search_term_string}\"},\"query-input\":{\"@type\":\"PropertyValueSpecification\",\"valueRequired\":true,\"valueName\":\"search_term_string\"}}],\"inLanguage\":\"en-US\"},{\"@type\":\"Organization\",\"@id\":\"https:\\\/\\\/blinda.com.br\\\/en\\\/#organization\",\"name\":\"Blinda\",\"url\":\"https:\\\/\\\/blinda.com.br\\\/en\\\/\",\"logo\":{\"@type\":\"ImageObject\",\"inLanguage\":\"en-US\",\"@id\":\"https:\\\/\\\/blinda.com.br\\\/en\\\/#\\\/schema\\\/logo\\\/image\\\/\",\"url\":\"https:\\\/\\\/blinda.com.br\\\/novo\\\/wp-content\\\/uploads\\\/2022\\\/04\\\/cropped-Blinda___3_-removebg-preview.png\",\"contentUrl\":\"https:\\\/\\\/blinda.com.br\\\/novo\\\/wp-content\\\/uploads\\\/2022\\\/04\\\/cropped-Blinda___3_-removebg-preview.png\",\"width\":500,\"height\":166,\"caption\":\"Blinda\"},\"image\":{\"@id\":\"https:\\\/\\\/blinda.com.br\\\/en\\\/#\\\/schema\\\/logo\\\/image\\\/\"}}]}<\/script>\n<!-- \/ Yoast SEO plugin. -->","yoast_head_json":{"title":"CBX - Ex Control and Distribution Systems - Blinda","description":"Fabricado em alum\u00ednio, acabamento em poli\u00e9ster na cor cinza, possui excelente resist\u00eancia \u00e0 corros\u00e3o qu\u00edmica e mec\u00e2nica","robots":{"index":"index","follow":"follow","max-snippet":"max-snippet:-1","max-image-preview":"max-image-preview:large","max-video-preview":"max-video-preview:-1"},"canonical":"https:\/\/blinda.com.br\/en\/cbx-ex-control-and-distribution-systems\/","og_locale":"en_US","og_type":"article","og_title":"CBX - Ex Control and Distribution Systems - Blinda","og_description":"Fabricado em alum\u00ednio, acabamento em poli\u00e9ster na cor cinza, possui excelente resist\u00eancia \u00e0 corros\u00e3o qu\u00edmica e mec\u00e2nica","og_url":"https:\/\/blinda.com.br\/en\/cbx-ex-control-and-distribution-systems\/","og_site_name":"Blinda","article_modified_time":"2023-11-09T15:08:39+00:00","og_image":[{"width":1200,"height":1200,"url":"https:\/\/blinda.com.br\/novo\/wp-content\/uploads\/2022\/05\/caixa-ligacao-distribuicao-ex-cbx.webp","type":"image\/webp"}],"twitter_card":"summary_large_image","twitter_misc":{"Est. reading time":"1 minute"},"schema":{"@context":"https:\/\/schema.org","@graph":[{"@type":"WebPage","@id":"https:\/\/blinda.com.br\/en\/cbx-ex-control-and-distribution-systems\/","url":"https:\/\/blinda.com.br\/en\/cbx-ex-control-and-distribution-systems\/","name":"CBX - Ex Control and Distribution Systems - Blinda","isPartOf":{"@id":"https:\/\/blinda.com.br\/en\/#website"},"primaryImageOfPage":{"@id":"https:\/\/blinda.com.br\/en\/cbx-ex-control-and-distribution-systems\/#primaryimage"},"image":{"@id":"https:\/\/blinda.com.br\/en\/cbx-ex-control-and-distribution-systems\/#primaryimage"},"thumbnailUrl":"https:\/\/blinda.com.br\/novo\/wp-content\/uploads\/2022\/05\/caixa-ligacao-distribuicao-ex-cbx.webp","datePublished":"2022-05-03T14:27:29+00:00","dateModified":"2023-11-09T15:08:39+00:00","description":"Fabricado em alum\u00ednio, acabamento em poli\u00e9ster na cor cinza, possui excelente resist\u00eancia \u00e0 corros\u00e3o qu\u00edmica e mec\u00e2nica","breadcrumb":{"@id":"https:\/\/blinda.com.br\/en\/cbx-ex-control-and-distribution-systems\/#breadcrumb"},"inLanguage":"en-US","potentialAction":[{"@type":"ReadAction","target":["https:\/\/blinda.com.br\/en\/cbx-ex-control-and-distribution-systems\/"]}]},{"@type":"ImageObject","inLanguage":"en-US","@id":"https:\/\/blinda.com.br\/en\/cbx-ex-control-and-distribution-systems\/#primaryimage","url":"https:\/\/blinda.com.br\/novo\/wp-content\/uploads\/2022\/05\/caixa-ligacao-distribuicao-ex-cbx.webp","contentUrl":"https:\/\/blinda.com.br\/novo\/wp-content\/uploads\/2022\/05\/caixa-ligacao-distribuicao-ex-cbx.webp","width":1200,"height":1200},{"@type":"BreadcrumbList","@id":"https:\/\/blinda.com.br\/en\/cbx-ex-control-and-distribution-systems\/#breadcrumb","itemListElement":[{"@type":"ListItem","position":1,"name":"In\u00edcio","item":"https:\/\/blinda.com.br\/en\/"},{"@type":"ListItem","position":2,"name":"Products","item":"https:\/\/blinda.com.br\/en\/products\/"},{"@type":"ListItem","position":3,"name":"CBX &#8211; Ex Control and Distribution Systems"}]},{"@type":"WebSite","@id":"https:\/\/blinda.com.br\/en\/#website","url":"https:\/\/blinda.com.br\/en\/","name":"Blinda","description":"","publisher":{"@id":"https:\/\/blinda.com.br\/en\/#organization"},"potentialAction":[{"@type":"SearchAction","target":{"@type":"EntryPoint","urlTemplate":"https:\/\/blinda.com.br\/en\/?s={search_term_string}"},"query-input":{"@type":"PropertyValueSpecification","valueRequired":true,"valueName":"search_term_string"}}],"inLanguage":"en-US"},{"@type":"Organization","@id":"https:\/\/blinda.com.br\/en\/#organization","name":"Blinda","url":"https:\/\/blinda.com.br\/en\/","logo":{"@type":"ImageObject","inLanguage":"en-US","@id":"https:\/\/blinda.com.br\/en\/#\/schema\/logo\/image\/","url":"https:\/\/blinda.com.br\/novo\/wp-content\/uploads\/2022\/04\/cropped-Blinda___3_-removebg-preview.png","contentUrl":"https:\/\/blinda.com.br\/novo\/wp-content\/uploads\/2022\/04\/cropped-Blinda___3_-removebg-preview.png","width":500,"height":166,"caption":"Blinda"},"image":{"@id":"https:\/\/blinda.com.br\/en\/#\/schema\/logo\/image\/"}}]}},"uagb_featured_image_src":{"full":["https:\/\/blinda.com.br\/novo\/wp-content\/uploads\/2022\/05\/caixa-ligacao-distribuicao-ex-cbx.webp",1200,1200,false],"thumbnail":["https:\/\/blinda.com.br\/novo\/wp-content\/uploads\/2022\/05\/caixa-ligacao-distribuicao-ex-cbx-150x150.webp",150,150,true],"medium":["https:\/\/blinda.com.br\/novo\/wp-content\/uploads\/2022\/05\/caixa-ligacao-distribuicao-ex-cbx-300x300.webp",300,300,true],"medium_large":["https:\/\/blinda.com.br\/novo\/wp-content\/uploads\/2022\/05\/caixa-ligacao-distribuicao-ex-cbx-768x768.webp",768,768,true],"large":["https:\/\/blinda.com.br\/novo\/wp-content\/uploads\/2022\/05\/caixa-ligacao-distribuicao-ex-cbx-1024x1024.webp",1024,1024,true],"1536x1536":["https:\/\/blinda.com.br\/novo\/wp-content\/uploads\/2022\/05\/caixa-ligacao-distribuicao-ex-cbx.webp",1200,1200,false],"2048x2048":["https:\/\/blinda.com.br\/novo\/wp-content\/uploads\/2022\/05\/caixa-ligacao-distribuicao-ex-cbx.webp",1200,1200,false],"woocommerce_thumbnail":["https:\/\/blinda.com.br\/novo\/wp-content\/uploads\/2022\/05\/caixa-ligacao-distribuicao-ex-cbx-300x300.webp",300,300,true],"woocommerce_single":["https:\/\/blinda.com.br\/novo\/wp-content\/uploads\/2022\/05\/caixa-ligacao-distribuicao-ex-cbx-600x600.webp",600,600,true],"woocommerce_gallery_thumbnail":["https:\/\/blinda.com.br\/novo\/wp-content\/uploads\/2022\/05\/caixa-ligacao-distribuicao-ex-cbx-100x100.webp",100,100,true],"dgwt-wcas-product-suggestion":["https:\/\/blinda.com.br\/novo\/wp-content\/uploads\/2022\/05\/caixa-ligacao-distribuicao-ex-cbx-64x64.webp",64,64,true]},"uagb_author_info":{"display_name":"mktbl","author_link":"https:\/\/blinda.com.br\/en\/author\/"},"uagb_comment_info":0,"uagb_excerpt":"Fabricado em alum\u00ednio, acabamento em poli\u00e9ster na cor cinza, possui excelente resist\u00eancia \u00e0 corros\u00e3o qu\u00edmica e mec\u00e2nica. Pintura da caixa eletrost\u00e1tica a p\u00f3 cor cinza Munsell N6.5 Poli\u00e9ster, Placa de montagem em laranja 2,5YR 6\/14. Instala\u00e7\u00e3o em \u00e1reas classificadas, nas ind\u00fastrias qu\u00edmicas, petroqu\u00edmicas, de tintas e vernizes, farmac\u00eauticas, aliment\u00edcias, cabines de pintura, deposito de produtos&hellip;","_links":{"self":[{"href":"https:\/\/blinda.com.br\/en\/wp-json\/wp\/v2\/product\/1890","targetHints":{"allow":["GET"]}}],"collection":[{"href":"https:\/\/blinda.com.br\/en\/wp-json\/wp\/v2\/product"}],"about":[{"href":"https:\/\/blinda.com.br\/en\/wp-json\/wp\/v2\/types\/product"}],"wp:featuredmedia":[{"embeddable":true,"href":"https:\/\/blinda.com.br\/en\/wp-json\/wp\/v2\/media\/1694"}],"wp:attachment":[{"href":"https:\/\/blinda.com.br\/en\/wp-json\/wp\/v2\/media?parent=1890"}],"wp:term":[{"taxonomy":"product_brand","embeddable":true,"href":"https:\/\/blinda.com.br\/en\/wp-json\/wp\/v2\/product_brand?post=1890"},{"taxonomy":"product_cat","embeddable":true,"href":"https:\/\/blinda.com.br\/en\/wp-json\/wp\/v2\/product_cat?post=1890"},{"taxonomy":"product_tag","embeddable":true,"href":"https:\/\/blinda.com.br\/en\/wp-json\/wp\/v2\/product_tag?post=1890"}],"curies":[{"name":"wp","href":"https:\/\/api.w.org\/{rel}","templated":true}]}}