{"id":1854,"date":"2022-06-15T15:32:49","date_gmt":"2022-06-15T18:32:49","guid":{"rendered":"https:\/\/blinda.com.br\/produto\/botoeira-de-comando-ex-bcdx-e-bcdx-v\/"},"modified":"2022-08-17T10:39:23","modified_gmt":"2022-08-17T13:39:23","slug":"bcdx-bcdx-v-ex-control-station","status":"publish","type":"product","link":"https:\/\/blinda.com.br\/en\/bcdx-bcdx-v-ex-control-station\/","title":{"rendered":"BCDX &#038; BCDX\/V &#8211; Ex Control Station"},"content":{"rendered":"<p>Caixa de comando e sinaliza\u00e7\u00e3o simples, modelos BCDX e BCDX\/V, constitu\u00edda por inv\u00f3lucro \u00e0 prova de explos\u00e3o, fabricado em alum\u00ednio fundido (liga SAE 356), com tampa alta ou baixa. Na tampa s\u00e3o montados dispositivos de comando e sinaliza\u00e7\u00e3o certificados.<\/p>\n<p><span style=\"font-size: 16px;\"><strong>Documentos para download<\/strong><\/span><br \/>\n<a href=\"https:\/\/blinda.com.br\/documentos\/produtos\/datasheet-botoeira-de-comando-ex-bcdx-e-bcdx-v.pdf\" target=\"_blank\" rel=\"noopener\">Datasheet<\/a><br \/>\n<a href=\"https:\/\/blinda.com.br\/documentos\/produtos\/manual-botoeira-de-comando-ex-bcdx-e-bcdx-v.pdf\" target=\"_blank\" rel=\"noopener\">Manual<\/a><br \/>\n<a href=\"https:\/\/blinda.com.br\/documentos\/produtos\/certificados\/certificado-bcx-bcx-am-bcdx-bctx.pdf\" target=\"_blank\" rel=\"noopener\">Certificado<\/a><\/p>\n","protected":false},"excerpt":{"rendered":"<p>Caixa de comando e sinaliza\u00e7\u00e3o simples, modelos BCDX e BCDX\/V, constitu\u00edda por inv\u00f3lucro \u00e0 prova de explos\u00e3o, fabricado em alum\u00ednio fundido (liga SAE 356), com tampa alta ou baixa. Na tampa s\u00e3o montados dispositivos de comando e sinaliza\u00e7\u00e3o certificados. Documentos para download Datasheet Manual Certificado<\/p>\n","protected":false},"featured_media":1715,"template":"","meta":{"_uag_custom_page_level_css":"","_monsterinsights_skip_tracking":false,"_monsterinsights_sitenote_active":false,"_monsterinsights_sitenote_note":"","_monsterinsights_sitenote_category":0,"site-sidebar-layout":"default","site-content-layout":"default","ast-site-content-layout":"default","site-content-style":"default","site-sidebar-style":"default","ast-global-header-display":"","ast-banner-title-visibility":"","ast-main-header-display":"","ast-hfb-above-header-display":"","ast-hfb-below-header-display":"","ast-hfb-mobile-header-display":"","site-post-title":"","ast-breadcrumbs-content":"","ast-featured-img":"","footer-sml-layout":"","ast-disable-related-posts":"","theme-transparent-header-meta":"default","adv-header-id-meta":"","stick-header-meta":"","header-above-stick-meta":"","header-main-stick-meta":"","header-below-stick-meta":"","astra-migrate-meta-layouts":"default","ast-page-background-enabled":"default","ast-page-background-meta":{"desktop":{"background-color":"","background-image":"","background-repeat":"repeat","background-position":"center center","background-size":"auto","background-attachment":"scroll","background-type":"","background-media":"","overlay-type":"","overlay-color":"","overlay-opacity":"","overlay-gradient":""},"tablet":{"background-color":"","background-image":"","background-repeat":"repeat","background-position":"center center","background-size":"auto","background-attachment":"scroll","background-type":"","background-media":"","overlay-type":"","overlay-color":"","overlay-opacity":"","overlay-gradient":""},"mobile":{"background-color":"","background-image":"","background-repeat":"repeat","background-position":"center center","background-size":"auto","background-attachment":"scroll","background-type":"","background-media":"","overlay-type":"","overlay-color":"","overlay-opacity":"","overlay-gradient":""}},"ast-content-background-meta":{"desktop":{"background-color":"var(--ast-global-color-5)","background-image":"","background-repeat":"repeat","background-position":"center center","background-size":"auto","background-attachment":"scroll","background-type":"","background-media":"","overlay-type":"","overlay-color":"","overlay-opacity":"","overlay-gradient":""},"tablet":{"background-color":"var(--ast-global-color-5)","background-image":"","background-repeat":"repeat","background-position":"center center","background-size":"auto","background-attachment":"scroll","background-type":"","background-media":"","overlay-type":"","overlay-color":"","overlay-opacity":"","overlay-gradient":""},"mobile":{"background-color":"var(--ast-global-color-5)","background-image":"","background-repeat":"repeat","background-position":"center center","background-size":"auto","background-attachment":"scroll","background-type":"","background-media":"","overlay-type":"","overlay-color":"","overlay-opacity":"","overlay-gradient":""}}},"product_brand":[],"product_cat":[145],"product_tag":[161,162],"class_list":{"0":"post-1854","1":"product","2":"type-product","3":"status-publish","4":"has-post-thumbnail","6":"product_cat-ex-control-station","7":"product_tag-blinda-en","8":"product_tag-botoeira-de-comando-ex-en","9":"pa_tipos-de-protecao-explosion-proof","10":"desktop-align-center","11":"tablet-align-center","12":"mobile-align-center","13":"ast-product-gallery-layout-horizontal-slider","14":"ast-product-single-variable","15":"ast-product-tabs-layout-horizontal","16":"ast-qv-on-image","18":"first","19":"instock","20":"shipping-taxable","21":"purchasable","22":"product-type-variable"},"yoast_head":"<!-- This site is optimized with the Yoast SEO plugin v27.3 - https:\/\/yoast.com\/product\/yoast-seo-wordpress\/ -->\n<title>BCDX &amp; BCDX\/V - Ex Control Station - Blinda<\/title>\n<meta name=\"description\" content=\"Caixa de comando e sinaliza\u00e7\u00e3o simples, modelos BCDX e BCDX\/V, constitu\u00edda por inv\u00f3lucro \u00e0 prova de explos\u00e3o.\" \/>\n<meta name=\"robots\" content=\"index, follow, max-snippet:-1, max-image-preview:large, max-video-preview:-1\" \/>\n<link rel=\"canonical\" href=\"https:\/\/blinda.com.br\/en\/bcdx-bcdx-v-ex-control-station\/\" \/>\n<meta property=\"og:locale\" content=\"en_US\" \/>\n<meta property=\"og:type\" content=\"article\" \/>\n<meta property=\"og:title\" content=\"BCDX &amp; BCDX\/V - Ex Control Station - Blinda\" \/>\n<meta property=\"og:description\" content=\"Caixa de comando e sinaliza\u00e7\u00e3o simples, modelos BCDX e BCDX\/V, constitu\u00edda por inv\u00f3lucro \u00e0 prova de explos\u00e3o.\" \/>\n<meta property=\"og:url\" content=\"https:\/\/blinda.com.br\/en\/bcdx-bcdx-v-ex-control-station\/\" \/>\n<meta property=\"og:site_name\" content=\"Blinda\" \/>\n<meta property=\"article:modified_time\" content=\"2022-08-17T13:39:23+00:00\" \/>\n<meta property=\"og:image\" content=\"https:\/\/blinda.com.br\/novo\/wp-content\/uploads\/2022\/06\/botoeira-de-comando-ex-bcxd-bcdx-v.webp\" \/>\n\t<meta property=\"og:image:width\" content=\"1200\" \/>\n\t<meta property=\"og:image:height\" content=\"1200\" \/>\n\t<meta property=\"og:image:type\" content=\"image\/webp\" \/>\n<meta name=\"twitter:card\" content=\"summary_large_image\" \/>\n<meta name=\"twitter:label1\" content=\"Est. reading time\" \/>\n\t<meta name=\"twitter:data1\" content=\"1 minute\" \/>\n<script type=\"application\/ld+json\" class=\"yoast-schema-graph\">{\"@context\":\"https:\\\/\\\/schema.org\",\"@graph\":[{\"@type\":\"WebPage\",\"@id\":\"https:\\\/\\\/blinda.com.br\\\/en\\\/bcdx-bcdx-v-ex-control-station\\\/\",\"url\":\"https:\\\/\\\/blinda.com.br\\\/en\\\/bcdx-bcdx-v-ex-control-station\\\/\",\"name\":\"BCDX & BCDX\\\/V - Ex Control Station - Blinda\",\"isPartOf\":{\"@id\":\"https:\\\/\\\/blinda.com.br\\\/en\\\/#website\"},\"primaryImageOfPage\":{\"@id\":\"https:\\\/\\\/blinda.com.br\\\/en\\\/bcdx-bcdx-v-ex-control-station\\\/#primaryimage\"},\"image\":{\"@id\":\"https:\\\/\\\/blinda.com.br\\\/en\\\/bcdx-bcdx-v-ex-control-station\\\/#primaryimage\"},\"thumbnailUrl\":\"https:\\\/\\\/blinda.com.br\\\/novo\\\/wp-content\\\/uploads\\\/2022\\\/06\\\/botoeira-de-comando-ex-bcxd-bcdx-v.webp\",\"datePublished\":\"2022-06-15T18:32:49+00:00\",\"dateModified\":\"2022-08-17T13:39:23+00:00\",\"description\":\"Caixa de comando e sinaliza\u00e7\u00e3o simples, modelos BCDX e BCDX\\\/V, constitu\u00edda por inv\u00f3lucro \u00e0 prova de explos\u00e3o.\",\"breadcrumb\":{\"@id\":\"https:\\\/\\\/blinda.com.br\\\/en\\\/bcdx-bcdx-v-ex-control-station\\\/#breadcrumb\"},\"inLanguage\":\"en-US\",\"potentialAction\":[{\"@type\":\"ReadAction\",\"target\":[\"https:\\\/\\\/blinda.com.br\\\/en\\\/bcdx-bcdx-v-ex-control-station\\\/\"]}]},{\"@type\":\"ImageObject\",\"inLanguage\":\"en-US\",\"@id\":\"https:\\\/\\\/blinda.com.br\\\/en\\\/bcdx-bcdx-v-ex-control-station\\\/#primaryimage\",\"url\":\"https:\\\/\\\/blinda.com.br\\\/novo\\\/wp-content\\\/uploads\\\/2022\\\/06\\\/botoeira-de-comando-ex-bcxd-bcdx-v.webp\",\"contentUrl\":\"https:\\\/\\\/blinda.com.br\\\/novo\\\/wp-content\\\/uploads\\\/2022\\\/06\\\/botoeira-de-comando-ex-bcxd-bcdx-v.webp\",\"width\":1200,\"height\":1200},{\"@type\":\"BreadcrumbList\",\"@id\":\"https:\\\/\\\/blinda.com.br\\\/en\\\/bcdx-bcdx-v-ex-control-station\\\/#breadcrumb\",\"itemListElement\":[{\"@type\":\"ListItem\",\"position\":1,\"name\":\"In\u00edcio\",\"item\":\"https:\\\/\\\/blinda.com.br\\\/en\\\/\"},{\"@type\":\"ListItem\",\"position\":2,\"name\":\"Products\",\"item\":\"https:\\\/\\\/blinda.com.br\\\/en\\\/products\\\/\"},{\"@type\":\"ListItem\",\"position\":3,\"name\":\"BCDX &#038; BCDX\\\/V &#8211; Ex Control Station\"}]},{\"@type\":\"WebSite\",\"@id\":\"https:\\\/\\\/blinda.com.br\\\/en\\\/#website\",\"url\":\"https:\\\/\\\/blinda.com.br\\\/en\\\/\",\"name\":\"Blinda\",\"description\":\"\",\"publisher\":{\"@id\":\"https:\\\/\\\/blinda.com.br\\\/en\\\/#organization\"},\"potentialAction\":[{\"@type\":\"SearchAction\",\"target\":{\"@type\":\"EntryPoint\",\"urlTemplate\":\"https:\\\/\\\/blinda.com.br\\\/en\\\/?s={search_term_string}\"},\"query-input\":{\"@type\":\"PropertyValueSpecification\",\"valueRequired\":true,\"valueName\":\"search_term_string\"}}],\"inLanguage\":\"en-US\"},{\"@type\":\"Organization\",\"@id\":\"https:\\\/\\\/blinda.com.br\\\/en\\\/#organization\",\"name\":\"Blinda\",\"url\":\"https:\\\/\\\/blinda.com.br\\\/en\\\/\",\"logo\":{\"@type\":\"ImageObject\",\"inLanguage\":\"en-US\",\"@id\":\"https:\\\/\\\/blinda.com.br\\\/en\\\/#\\\/schema\\\/logo\\\/image\\\/\",\"url\":\"https:\\\/\\\/blinda.com.br\\\/novo\\\/wp-content\\\/uploads\\\/2022\\\/04\\\/cropped-Blinda___3_-removebg-preview.png\",\"contentUrl\":\"https:\\\/\\\/blinda.com.br\\\/novo\\\/wp-content\\\/uploads\\\/2022\\\/04\\\/cropped-Blinda___3_-removebg-preview.png\",\"width\":500,\"height\":166,\"caption\":\"Blinda\"},\"image\":{\"@id\":\"https:\\\/\\\/blinda.com.br\\\/en\\\/#\\\/schema\\\/logo\\\/image\\\/\"}}]}<\/script>\n<!-- \/ Yoast SEO plugin. -->","yoast_head_json":{"title":"BCDX & BCDX\/V - Ex Control Station - Blinda","description":"Caixa de comando e sinaliza\u00e7\u00e3o simples, modelos BCDX e BCDX\/V, constitu\u00edda por inv\u00f3lucro \u00e0 prova de explos\u00e3o.","robots":{"index":"index","follow":"follow","max-snippet":"max-snippet:-1","max-image-preview":"max-image-preview:large","max-video-preview":"max-video-preview:-1"},"canonical":"https:\/\/blinda.com.br\/en\/bcdx-bcdx-v-ex-control-station\/","og_locale":"en_US","og_type":"article","og_title":"BCDX & BCDX\/V - Ex Control Station - Blinda","og_description":"Caixa de comando e sinaliza\u00e7\u00e3o simples, modelos BCDX e BCDX\/V, constitu\u00edda por inv\u00f3lucro \u00e0 prova de explos\u00e3o.","og_url":"https:\/\/blinda.com.br\/en\/bcdx-bcdx-v-ex-control-station\/","og_site_name":"Blinda","article_modified_time":"2022-08-17T13:39:23+00:00","og_image":[{"width":1200,"height":1200,"url":"https:\/\/blinda.com.br\/novo\/wp-content\/uploads\/2022\/06\/botoeira-de-comando-ex-bcxd-bcdx-v.webp","type":"image\/webp"}],"twitter_card":"summary_large_image","twitter_misc":{"Est. reading time":"1 minute"},"schema":{"@context":"https:\/\/schema.org","@graph":[{"@type":"WebPage","@id":"https:\/\/blinda.com.br\/en\/bcdx-bcdx-v-ex-control-station\/","url":"https:\/\/blinda.com.br\/en\/bcdx-bcdx-v-ex-control-station\/","name":"BCDX & BCDX\/V - Ex Control Station - Blinda","isPartOf":{"@id":"https:\/\/blinda.com.br\/en\/#website"},"primaryImageOfPage":{"@id":"https:\/\/blinda.com.br\/en\/bcdx-bcdx-v-ex-control-station\/#primaryimage"},"image":{"@id":"https:\/\/blinda.com.br\/en\/bcdx-bcdx-v-ex-control-station\/#primaryimage"},"thumbnailUrl":"https:\/\/blinda.com.br\/novo\/wp-content\/uploads\/2022\/06\/botoeira-de-comando-ex-bcxd-bcdx-v.webp","datePublished":"2022-06-15T18:32:49+00:00","dateModified":"2022-08-17T13:39:23+00:00","description":"Caixa de comando e sinaliza\u00e7\u00e3o simples, modelos BCDX e BCDX\/V, constitu\u00edda por inv\u00f3lucro \u00e0 prova de explos\u00e3o.","breadcrumb":{"@id":"https:\/\/blinda.com.br\/en\/bcdx-bcdx-v-ex-control-station\/#breadcrumb"},"inLanguage":"en-US","potentialAction":[{"@type":"ReadAction","target":["https:\/\/blinda.com.br\/en\/bcdx-bcdx-v-ex-control-station\/"]}]},{"@type":"ImageObject","inLanguage":"en-US","@id":"https:\/\/blinda.com.br\/en\/bcdx-bcdx-v-ex-control-station\/#primaryimage","url":"https:\/\/blinda.com.br\/novo\/wp-content\/uploads\/2022\/06\/botoeira-de-comando-ex-bcxd-bcdx-v.webp","contentUrl":"https:\/\/blinda.com.br\/novo\/wp-content\/uploads\/2022\/06\/botoeira-de-comando-ex-bcxd-bcdx-v.webp","width":1200,"height":1200},{"@type":"BreadcrumbList","@id":"https:\/\/blinda.com.br\/en\/bcdx-bcdx-v-ex-control-station\/#breadcrumb","itemListElement":[{"@type":"ListItem","position":1,"name":"In\u00edcio","item":"https:\/\/blinda.com.br\/en\/"},{"@type":"ListItem","position":2,"name":"Products","item":"https:\/\/blinda.com.br\/en\/products\/"},{"@type":"ListItem","position":3,"name":"BCDX &#038; BCDX\/V &#8211; Ex Control Station"}]},{"@type":"WebSite","@id":"https:\/\/blinda.com.br\/en\/#website","url":"https:\/\/blinda.com.br\/en\/","name":"Blinda","description":"","publisher":{"@id":"https:\/\/blinda.com.br\/en\/#organization"},"potentialAction":[{"@type":"SearchAction","target":{"@type":"EntryPoint","urlTemplate":"https:\/\/blinda.com.br\/en\/?s={search_term_string}"},"query-input":{"@type":"PropertyValueSpecification","valueRequired":true,"valueName":"search_term_string"}}],"inLanguage":"en-US"},{"@type":"Organization","@id":"https:\/\/blinda.com.br\/en\/#organization","name":"Blinda","url":"https:\/\/blinda.com.br\/en\/","logo":{"@type":"ImageObject","inLanguage":"en-US","@id":"https:\/\/blinda.com.br\/en\/#\/schema\/logo\/image\/","url":"https:\/\/blinda.com.br\/novo\/wp-content\/uploads\/2022\/04\/cropped-Blinda___3_-removebg-preview.png","contentUrl":"https:\/\/blinda.com.br\/novo\/wp-content\/uploads\/2022\/04\/cropped-Blinda___3_-removebg-preview.png","width":500,"height":166,"caption":"Blinda"},"image":{"@id":"https:\/\/blinda.com.br\/en\/#\/schema\/logo\/image\/"}}]}},"uagb_featured_image_src":{"full":["https:\/\/blinda.com.br\/novo\/wp-content\/uploads\/2022\/06\/botoeira-de-comando-ex-bcxd-bcdx-v.webp",1200,1200,false],"thumbnail":["https:\/\/blinda.com.br\/novo\/wp-content\/uploads\/2022\/06\/botoeira-de-comando-ex-bcxd-bcdx-v-150x150.webp",150,150,true],"medium":["https:\/\/blinda.com.br\/novo\/wp-content\/uploads\/2022\/06\/botoeira-de-comando-ex-bcxd-bcdx-v-300x300.webp",300,300,true],"medium_large":["https:\/\/blinda.com.br\/novo\/wp-content\/uploads\/2022\/06\/botoeira-de-comando-ex-bcxd-bcdx-v-768x768.webp",768,768,true],"large":["https:\/\/blinda.com.br\/novo\/wp-content\/uploads\/2022\/06\/botoeira-de-comando-ex-bcxd-bcdx-v-1024x1024.webp",1024,1024,true],"1536x1536":["https:\/\/blinda.com.br\/novo\/wp-content\/uploads\/2022\/06\/botoeira-de-comando-ex-bcxd-bcdx-v.webp",1200,1200,false],"2048x2048":["https:\/\/blinda.com.br\/novo\/wp-content\/uploads\/2022\/06\/botoeira-de-comando-ex-bcxd-bcdx-v.webp",1200,1200,false],"woocommerce_thumbnail":["https:\/\/blinda.com.br\/novo\/wp-content\/uploads\/2022\/06\/botoeira-de-comando-ex-bcxd-bcdx-v-300x300.webp",300,300,true],"woocommerce_single":["https:\/\/blinda.com.br\/novo\/wp-content\/uploads\/2022\/06\/botoeira-de-comando-ex-bcxd-bcdx-v-600x600.webp",600,600,true],"woocommerce_gallery_thumbnail":["https:\/\/blinda.com.br\/novo\/wp-content\/uploads\/2022\/06\/botoeira-de-comando-ex-bcxd-bcdx-v-100x100.webp",100,100,true],"dgwt-wcas-product-suggestion":["https:\/\/blinda.com.br\/novo\/wp-content\/uploads\/2022\/06\/botoeira-de-comando-ex-bcxd-bcdx-v-64x64.webp",64,64,true]},"uagb_author_info":{"display_name":"mktbl","author_link":"https:\/\/blinda.com.br\/en\/author\/"},"uagb_comment_info":0,"uagb_excerpt":"Caixa de comando e sinaliza\u00e7\u00e3o simples, modelos BCDX e BCDX\/V, constitu\u00edda por inv\u00f3lucro \u00e0 prova de explos\u00e3o, fabricado em alum\u00ednio fundido (liga SAE 356), com tampa alta ou baixa. Na tampa s\u00e3o montados dispositivos de comando e sinaliza\u00e7\u00e3o certificados. Documentos para download Datasheet Manual Certificado","_links":{"self":[{"href":"https:\/\/blinda.com.br\/en\/wp-json\/wp\/v2\/product\/1854","targetHints":{"allow":["GET"]}}],"collection":[{"href":"https:\/\/blinda.com.br\/en\/wp-json\/wp\/v2\/product"}],"about":[{"href":"https:\/\/blinda.com.br\/en\/wp-json\/wp\/v2\/types\/product"}],"wp:featuredmedia":[{"embeddable":true,"href":"https:\/\/blinda.com.br\/en\/wp-json\/wp\/v2\/media\/1715"}],"wp:attachment":[{"href":"https:\/\/blinda.com.br\/en\/wp-json\/wp\/v2\/media?parent=1854"}],"wp:term":[{"taxonomy":"product_brand","embeddable":true,"href":"https:\/\/blinda.com.br\/en\/wp-json\/wp\/v2\/product_brand?post=1854"},{"taxonomy":"product_cat","embeddable":true,"href":"https:\/\/blinda.com.br\/en\/wp-json\/wp\/v2\/product_cat?post=1854"},{"taxonomy":"product_tag","embeddable":true,"href":"https:\/\/blinda.com.br\/en\/wp-json\/wp\/v2\/product_tag?post=1854"}],"curies":[{"name":"wp","href":"https:\/\/api.w.org\/{rel}","templated":true}]}}