{"id":2620,"date":"2020-09-16T11:15:19","date_gmt":"2020-09-16T14:15:19","guid":{"rendered":"https:\/\/blinda.com.br\/quem-somos\/"},"modified":"2023-06-02T15:26:38","modified_gmt":"2023-06-02T18:26:38","slug":"who-we-are","status":"publish","type":"page","link":"https:\/\/blinda.com.br\/en\/who-we-are\/","title":{"rendered":"Who We Are"},"content":{"rendered":"\n<div class=\"wp-block-cover alignfull\" style=\"min-height:150px;aspect-ratio:unset;\"><span aria-hidden=\"true\" class=\"wp-block-cover__background has-background-dim-100 has-background-dim\" style=\"background-color:#0098d9\"><\/span><div class=\"wp-block-cover__inner-container is-layout-flow wp-block-cover-is-layout-flow\">\n<div style=\"height:20px\" aria-hidden=\"true\" class=\"wp-block-spacer\"><\/div>\n\n\n\n<h1 class=\"has-text-align-center has-text-color wp-block-heading\" style=\"color:#ffffff;font-size:45px\"><strong>Who We Are<\/strong><\/h1>\n<\/div><\/div>\n\n\n\n<div class=\"wp-block-uagb-container uagb-block-e9a07ef1 alignfull uagb-is-root-container\"><div class=\"uagb-container-inner-blocks-wrap\">\n<h5 class=\"has-text-align-center wp-block-heading\">Watch Blinda&#8217;s video and get to know our structure.<\/h5>\n\n\n\n<figure class=\"wp-block-embed aligncenter is-type-video is-provider-youtube wp-block-embed-youtube wp-embed-aspect-16-9 wp-has-aspect-ratio\"><div class=\"wp-block-embed__wrapper\">\n<iframe loading=\"lazy\"  id=\"_ytid_28025\"  width=\"800\" height=\"450\"  data-origwidth=\"800\" data-origheight=\"450\" src=\"https:\/\/www.youtube.com\/embed\/Aty1YtE-HEQ?enablejsapi=1&#038;autoplay=0&#038;cc_load_policy=0&#038;cc_lang_pref=&#038;iv_load_policy=1&#038;loop=0&#038;rel=1&#038;fs=1&#038;playsinline=0&#038;autohide=2&#038;theme=dark&#038;color=red&#038;controls=1&#038;disablekb=0&#038;\" class=\"__youtube_prefs__  epyt-is-override  no-lazyload\" title=\"YouTube player\"  allow=\"fullscreen; accelerometer; autoplay; clipboard-write; encrypted-media; gyroscope; picture-in-picture; web-share\" referrerpolicy=\"strict-origin-when-cross-origin\" allowfullscreen data-no-lazy=\"1\" data-skipgform_ajax_framebjll=\"\"><\/iframe>\n<\/div><\/figure>\n<\/div><\/div>\n\n\n\n<div class=\"wp-block-cover alignfull is-light uag-hide-desktop uag-hide-tab uag-hide-mob\" style=\"min-height:200px;aspect-ratio:unset;\"><span aria-hidden=\"true\" class=\"wp-block-cover__background has-cyan-bluish-gray-background-color has-background-dim-70 has-background-dim\"><\/span><img loading=\"lazy\" decoding=\"async\" width=\"2560\" height=\"1707\" class=\"wp-block-cover__image-background wp-image-366\" alt=\"\" src=\"https:\/\/blinda.com.br\/novo\/wp-content\/uploads\/2022\/04\/pexels-loic-manegarium-3855962-scaled.webp\" style=\"object-position:50% 87%\" data-object-fit=\"cover\" data-object-position=\"50% 87%\" srcset=\"https:\/\/blinda.com.br\/novo\/wp-content\/uploads\/2022\/04\/pexels-loic-manegarium-3855962-scaled.webp 2560w, https:\/\/blinda.com.br\/novo\/wp-content\/uploads\/2022\/04\/pexels-loic-manegarium-3855962-scaled-600x400.webp 600w, https:\/\/blinda.com.br\/novo\/wp-content\/uploads\/2022\/04\/pexels-loic-manegarium-3855962-300x200.webp 300w, https:\/\/blinda.com.br\/novo\/wp-content\/uploads\/2022\/04\/pexels-loic-manegarium-3855962-1024x683.webp 1024w, https:\/\/blinda.com.br\/novo\/wp-content\/uploads\/2022\/04\/pexels-loic-manegarium-3855962-768x512.webp 768w, https:\/\/blinda.com.br\/novo\/wp-content\/uploads\/2022\/04\/pexels-loic-manegarium-3855962-1536x1024.webp 1536w, https:\/\/blinda.com.br\/novo\/wp-content\/uploads\/2022\/04\/pexels-loic-manegarium-3855962-2048x1365.webp 2048w\" sizes=\"auto, (max-width: 2560px) 100vw, 2560px\" \/><div class=\"wp-block-cover__inner-container is-layout-flow wp-block-cover-is-layout-flow\">\n<h1 class=\"has-text-align-center has-text-color wp-block-heading\" style=\"color:#ffffff;font-size:45px\"><strong>Quem Somos<\/strong><\/h1>\n<\/div><\/div>\n\n\n\n<section class=\"wp-block-uagb-columns uagb-columns__wrap uagb-columns__background-none uagb-columns__stack-mobile uagb-columns__valign- uagb-columns__gap-10 align uagb-block-81417ead uagb-columns__columns-1 uagb-columns__max_width-theme uag-hide-desktop uag-hide-tab uag-hide-mob\"><div class=\"uagb-columns__overlay\"><\/div><div class=\"uagb-columns__inner-wrap uagb-columns__columns-1\">\n<div class=\"wp-block-uagb-column uagb-column__wrap uagb-column__background-undefined uagb-block-26316a8e\"><div class=\"uagb-column__overlay\"><\/div>\n<p class=\"has-drop-cap\" id=\"block-1515e7b6-0e4b-413c-9afd-e1f20ad7fc87\">A Ind\u00fastria Blinda \u00e9 uma Unidade de Neg\u00f3cios da Polar Components Group. Anteriormente, a Blinda fazia parte do Grupo Eaton, uma empresa com 96 mil funcion\u00e1rios, que faz neg\u00f3cios em mais de 175 pa\u00edses, voltada para gerenciamento de energia.<br>Com tradi\u00e7\u00e3o no mercado brasileiro, a conceituada marca Blinda faz parte, agora, da Polar Components Group. Essa aquisi\u00e7\u00e3o est\u00e1 permitindo a fabrica\u00e7\u00e3o de produtos para \u00e1reas classificadas como caixas de jun\u00e7\u00e3o, pain\u00e9is de comando, sinaliza\u00e7\u00e3o, botoeiras, prensa-cabos e conex\u00f5es, trabalhando com materiais como poli\u00e9ster refor\u00e7ado com fibra de vidro, alum\u00ednio, a\u00e7o inox etc.<br>Com esse portf\u00f3lio de solu\u00e7\u00f5es para atmosferas explosivas, os equipamentos Ex da Blinda v\u00e3o garantir prote\u00e7\u00e3o e seguran\u00e7a \u00e0s instala\u00e7\u00f5es, pois conta com seriedade, comprometimento e qualidade, principais caracter\u00edsticas da Polar, uma multinacional, h\u00e1 30 anos no mercado.<\/p>\n\n\n\n<h2 class=\"has-text-color wp-block-heading\" style=\"color:#0098d9;font-size:32px\"><strong>Hist\u00f3ria<\/strong><\/h2>\n\n\n\n<p id=\"block-df2320c1-f923-4ad8-a916-d437417682fd\">A Polar Components Group, fundada em 1992, com opera\u00e7\u00f5es no Brasil e Reino Unido, adquiriu todo o maquin\u00e1rio e ferramental de produ\u00e7\u00e3o, assim como os direitos pela propriedade intelectual e uso da marca Blinda, junto a Eaton do Brasil e dos EUA, atrav\u00e9s de contratos firmados em agosto de 2021.<br>Os equipamentos Ex da Blinda est\u00e3o sendo fabricados em Maca\u00e9-RJ. Agora, em 2022, a f\u00e1brica de Votorantim estar\u00e1 em pleno funcionamento, o que vai permitir uma intensa produ\u00e7\u00e3o de equipamentos Ex da Blinda, uma das mais respeitadas marcas do mercado brasileiro, voltadas para ambientes com atmosferas explosivas..<\/p>\n\n\n\n<h2 class=\"has-text-color wp-block-heading\" style=\"color:#0098d9;font-size:32px\"><strong>Tecnologia<\/strong><\/h2>\n\n\n\n<p>Com tecnologia de ponta, a Blinda fabrica produtos para \u00e1reas classificadas e industriais de alta qualidade. O grande n\u00famero de produtos certificados assegura um elevado n\u00edvel de conformidade normativa e legas das instala\u00e7\u00f5es, em \u00e1reas classificadas.<br>A Blinda atende a todos os setores do mercado onde \u00e9 necess\u00e1ria a instala\u00e7\u00e3o de equipamentos Ex. O investimento em desenvolvimento de projetos para prolongar ainda mais a vida \u00fatil dos produtos e facilitar a instala\u00e7\u00e3o, t\u00eam procedimentos simples de montagem, manuten\u00e7\u00e3o e inspe\u00e7\u00e3o de campo.<br>Os equipamentos Ex para \u00e1reas classificadas s\u00e3o fabricados em materiais como alum\u00ednio, a\u00e7o inox de diferentes classifica\u00e7\u00f5es, a\u00e7o carbono, poli\u00e9ster refor\u00e7ado com fibra de vidro, poliamida, lat\u00e3o, lat\u00e3o niquelado, ferro modular e materiais galvanizados a fogo ou eletroliticamente.<\/p>\n\n\n\n<h2 class=\"has-text-color wp-block-heading\" style=\"color:#0098d9;font-size:32px\"><strong>Profissionais experientes<\/strong><\/h2>\n\n\n\n<p id=\"block-58660f19-46ba-40b4-80aa-5dcf5ca22980\">A Polar Components Group contratou uma equipe de profissionais, com larga experi\u00eancia na Eaton e conhecimentos em equipamentos Ex da Blinda. Essa equipe est\u00e1 trazendo toda a expertise adquirida nesse per\u00edodo. Isso significa que, al\u00e9m do maquin\u00e1rio e ferramental, trouxe, tamb\u00e9m, parte do capital intelectual da Blinda. Seu corpo de engenharia desenvolve projetos, seguros e adequados para a aplica\u00e7\u00e3o em ambientes Ex.<\/p>\n\n\n\n<h2 class=\"has-text-color wp-block-heading\" style=\"color:#0098d9;font-size:32px\"><strong>Certifica\u00e7\u00e3o<\/strong><\/h2>\n\n\n\n<p id=\"block-57eb1d77-a5b3-47eb-953a-648ed4c46155\">Um dos primeiros passos da Polar Components Group foi a certifica\u00e7\u00e3o dos equipamentos Ex, de acordo com a Portaria do Inmetro, que define as regras para Certifica\u00e7\u00e3o de Equipamentos El\u00e9tricos para Atmosferas Explosivas, s\u00f3 sendo permitida a comercializa\u00e7\u00e3o no Brasil desses produtos, ap\u00f3s estarem de acordo com os requisitos definidos. O objetivo desta certifica\u00e7\u00e3o \u00e9 garantir a seguran\u00e7a dos produtos, prevenir acidentes e aumento da efici\u00eancia energ\u00e9tica.<\/p>\n\n\n\n<h2 class=\"has-text-color wp-block-heading\" style=\"color:#0098d9;font-size:32px\"><strong>Plano de neg\u00f3cios<\/strong><\/h2>\n\n\n\n<p id=\"block-b915d63f-dcf0-4d82-8316-d2db54462572\">A aquisi\u00e7\u00e3o da Blinda est\u00e1 alinhada com o plano de neg\u00f3cios da Polar, que est\u00e1 aumentando sua presen\u00e7a em mercados onde t\u00e9cnicas de prote\u00e7\u00e3o de seguran\u00e7a aumentada e \u00e0 prova de explos\u00e3o s\u00e3o largamente utilizadas.<\/p>\n\n\n\n<h2 class=\"has-text-color wp-block-heading\" style=\"color:#0098d9;font-size:32px\"><strong>Programa CAP<\/strong><\/h2>\n\n\n\n<p>Al\u00e9m disso, houve tamb\u00e9m um acordo de transfer\u00eancia de tecnologia entre a Eaton e a Polar para a montagem de produtos Ex\u201ce\u201d (Seguran\u00e7a Aumentada) pelo programa CAP, Certified Assembly Partner. Com isso, a Polar torna-se uma das fabricantes brasileiras com o maior range de solu\u00e7\u00f5es para \u00e1reas classificadas no Brasil. Essa retomada indica a confian\u00e7a que o mercado brasileiro tem na marca Blinda, que continua sendo especificada para os principais projetos industriais do Brasil, em \u00e1reas classificadas.<\/p>\n\n\n\n<h2 class=\"has-text-color wp-block-heading\" style=\"color:#0098d9;font-size:32px\"><strong>Localiza\u00e7\u00e3o<\/strong><\/h2>\n\n\n\n<p>A Blinda est\u00e1 localizada nas cidades de Votorantim\/SP e Maca\u00e9\/RJ.<\/p>\n<\/div>\n<\/div><\/section>\n","protected":false},"excerpt":{"rendered":"<p>Watch Blinda&#8217;s video and get to know our structure. A Ind\u00fastria Blinda \u00e9 uma Unidade de Neg\u00f3cios da Polar Components Group. Anteriormente, a Blinda fazia parte do Grupo Eaton, uma empresa com 96 mil funcion\u00e1rios, que faz neg\u00f3cios em mais de 175 pa\u00edses, voltada para gerenciamento de energia.Com tradi\u00e7\u00e3o no mercado brasileiro, a conceituada marca [&hellip;]<\/p>\n","protected":false},"author":1,"featured_media":0,"parent":0,"menu_order":0,"comment_status":"closed","ping_status":"closed","template":"","meta":{"_uag_custom_page_level_css":"","_monsterinsights_skip_tracking":false,"_monsterinsights_sitenote_active":false,"_monsterinsights_sitenote_note":"","_monsterinsights_sitenote_category":0,"site-sidebar-layout":"no-sidebar","site-content-layout":"plain-container","ast-site-content-layout":"default","site-content-style":"default","site-sidebar-style":"default","ast-global-header-display":"","ast-banner-title-visibility":"","ast-main-header-display":"","ast-hfb-above-header-display":"","ast-hfb-below-header-display":"","ast-hfb-mobile-header-display":"","site-post-title":"disabled","ast-breadcrumbs-content":"","ast-featured-img":"","footer-sml-layout":"","ast-disable-related-posts":"","theme-transparent-header-meta":"default","adv-header-id-meta":"","stick-header-meta":"","header-above-stick-meta":"","header-main-stick-meta":"","header-below-stick-meta":"","astra-migrate-meta-layouts":"default","ast-page-background-enabled":"default","ast-page-background-meta":{"desktop":{"background-color":"","background-image":"","background-repeat":"repeat","background-position":"center center","background-size":"auto","background-attachment":"scroll","background-type":"","background-media":"","overlay-type":"","overlay-color":"","overlay-opacity":"","overlay-gradient":""},"tablet":{"background-color":"","background-image":"","background-repeat":"repeat","background-position":"center center","background-size":"auto","background-attachment":"scroll","background-type":"","background-media":"","overlay-type":"","overlay-color":"","overlay-opacity":"","overlay-gradient":""},"mobile":{"background-color":"","background-image":"","background-repeat":"repeat","background-position":"center center","background-size":"auto","background-attachment":"scroll","background-type":"","background-media":"","overlay-type":"","overlay-color":"","overlay-opacity":"","overlay-gradient":""}},"ast-content-background-meta":{"desktop":{"background-color":"var(--ast-global-color-5)","background-image":"","background-repeat":"repeat","background-position":"center center","background-size":"auto","background-attachment":"scroll","background-type":"","background-media":"","overlay-type":"","overlay-color":"","overlay-opacity":"","overlay-gradient":""},"tablet":{"background-color":"var(--ast-global-color-5)","background-image":"","background-repeat":"repeat","background-position":"center center","background-size":"auto","background-attachment":"scroll","background-type":"","background-media":"","overlay-type":"","overlay-color":"","overlay-opacity":"","overlay-gradient":""},"mobile":{"background-color":"var(--ast-global-color-5)","background-image":"","background-repeat":"repeat","background-position":"center center","background-size":"auto","background-attachment":"scroll","background-type":"","background-media":"","overlay-type":"","overlay-color":"","overlay-opacity":"","overlay-gradient":""}},"footnotes":""},"class_list":["post-2620","page","type-page","status-publish","hentry"],"yoast_head":"<!-- This site is optimized with the Yoast SEO plugin v27.4 - https:\/\/yoast.com\/product\/yoast-seo-wordpress\/ -->\n<title>Who We Are - Blinda<\/title>\n<meta name=\"robots\" content=\"index, follow, max-snippet:-1, max-image-preview:large, max-video-preview:-1\" \/>\n<link rel=\"canonical\" href=\"https:\/\/blinda.com.br\/en\/who-we-are\/\" \/>\n<meta property=\"og:locale\" content=\"en_US\" \/>\n<meta property=\"og:type\" content=\"article\" \/>\n<meta property=\"og:title\" content=\"Who We Are - Blinda\" \/>\n<meta property=\"og:description\" content=\"Watch Blinda&#8217;s video and get to know our structure. A Ind\u00fastria Blinda \u00e9 uma Unidade de Neg\u00f3cios da Polar Components Group. Anteriormente, a Blinda fazia parte do Grupo Eaton, uma empresa com 96 mil funcion\u00e1rios, que faz neg\u00f3cios em mais de 175 pa\u00edses, voltada para gerenciamento de energia.Com tradi\u00e7\u00e3o no mercado brasileiro, a conceituada marca [&hellip;]\" \/>\n<meta property=\"og:url\" content=\"https:\/\/blinda.com.br\/en\/who-we-are\/\" \/>\n<meta property=\"og:site_name\" content=\"Blinda\" \/>\n<meta property=\"article:modified_time\" content=\"2023-06-02T18:26:38+00:00\" \/>\n<meta property=\"og:image\" content=\"https:\/\/blinda.com.br\/novo\/wp-content\/uploads\/2022\/04\/pexels-loic-manegarium-3855962-scaled.webp\" \/>\n<meta name=\"twitter:card\" content=\"summary_large_image\" \/>\n<meta name=\"twitter:label1\" content=\"Est. reading time\" \/>\n\t<meta name=\"twitter:data1\" content=\"4 minutes\" \/>\n<script type=\"application\/ld+json\" class=\"yoast-schema-graph\">{\"@context\":\"https:\\\/\\\/schema.org\",\"@graph\":[{\"@type\":\"WebPage\",\"@id\":\"https:\\\/\\\/blinda.com.br\\\/en\\\/who-we-are\\\/\",\"url\":\"https:\\\/\\\/blinda.com.br\\\/en\\\/who-we-are\\\/\",\"name\":\"Who We Are - Blinda\",\"isPartOf\":{\"@id\":\"https:\\\/\\\/blinda.com.br\\\/en\\\/#website\"},\"primaryImageOfPage\":{\"@id\":\"https:\\\/\\\/blinda.com.br\\\/en\\\/who-we-are\\\/#primaryimage\"},\"image\":{\"@id\":\"https:\\\/\\\/blinda.com.br\\\/en\\\/who-we-are\\\/#primaryimage\"},\"thumbnailUrl\":\"https:\\\/\\\/blinda.com.br\\\/novo\\\/wp-content\\\/uploads\\\/2022\\\/04\\\/pexels-loic-manegarium-3855962-scaled.webp\",\"datePublished\":\"2020-09-16T14:15:19+00:00\",\"dateModified\":\"2023-06-02T18:26:38+00:00\",\"breadcrumb\":{\"@id\":\"https:\\\/\\\/blinda.com.br\\\/en\\\/who-we-are\\\/#breadcrumb\"},\"inLanguage\":\"en-US\",\"potentialAction\":[{\"@type\":\"ReadAction\",\"target\":[\"https:\\\/\\\/blinda.com.br\\\/en\\\/who-we-are\\\/\"]}]},{\"@type\":\"ImageObject\",\"inLanguage\":\"en-US\",\"@id\":\"https:\\\/\\\/blinda.com.br\\\/en\\\/who-we-are\\\/#primaryimage\",\"url\":\"https:\\\/\\\/blinda.com.br\\\/novo\\\/wp-content\\\/uploads\\\/2022\\\/04\\\/pexels-loic-manegarium-3855962-scaled.webp\",\"contentUrl\":\"https:\\\/\\\/blinda.com.br\\\/novo\\\/wp-content\\\/uploads\\\/2022\\\/04\\\/pexels-loic-manegarium-3855962-scaled.webp\"},{\"@type\":\"BreadcrumbList\",\"@id\":\"https:\\\/\\\/blinda.com.br\\\/en\\\/who-we-are\\\/#breadcrumb\",\"itemListElement\":[{\"@type\":\"ListItem\",\"position\":1,\"name\":\"In\u00edcio\",\"item\":\"https:\\\/\\\/blinda.com.br\\\/en\\\/\"},{\"@type\":\"ListItem\",\"position\":2,\"name\":\"Who We Are\"}]},{\"@type\":\"WebSite\",\"@id\":\"https:\\\/\\\/blinda.com.br\\\/en\\\/#website\",\"url\":\"https:\\\/\\\/blinda.com.br\\\/en\\\/\",\"name\":\"Blinda\",\"description\":\"\",\"publisher\":{\"@id\":\"https:\\\/\\\/blinda.com.br\\\/en\\\/#organization\"},\"potentialAction\":[{\"@type\":\"SearchAction\",\"target\":{\"@type\":\"EntryPoint\",\"urlTemplate\":\"https:\\\/\\\/blinda.com.br\\\/en\\\/?s={search_term_string}\"},\"query-input\":{\"@type\":\"PropertyValueSpecification\",\"valueRequired\":true,\"valueName\":\"search_term_string\"}}],\"inLanguage\":\"en-US\"},{\"@type\":\"Organization\",\"@id\":\"https:\\\/\\\/blinda.com.br\\\/en\\\/#organization\",\"name\":\"Blinda\",\"url\":\"https:\\\/\\\/blinda.com.br\\\/en\\\/\",\"logo\":{\"@type\":\"ImageObject\",\"inLanguage\":\"en-US\",\"@id\":\"https:\\\/\\\/blinda.com.br\\\/en\\\/#\\\/schema\\\/logo\\\/image\\\/\",\"url\":\"https:\\\/\\\/blinda.com.br\\\/novo\\\/wp-content\\\/uploads\\\/2022\\\/04\\\/cropped-Blinda___3_-removebg-preview.png\",\"contentUrl\":\"https:\\\/\\\/blinda.com.br\\\/novo\\\/wp-content\\\/uploads\\\/2022\\\/04\\\/cropped-Blinda___3_-removebg-preview.png\",\"width\":500,\"height\":166,\"caption\":\"Blinda\"},\"image\":{\"@id\":\"https:\\\/\\\/blinda.com.br\\\/en\\\/#\\\/schema\\\/logo\\\/image\\\/\"}}]}<\/script>\n<!-- \/ Yoast SEO plugin. -->","yoast_head_json":{"title":"Who We Are - Blinda","robots":{"index":"index","follow":"follow","max-snippet":"max-snippet:-1","max-image-preview":"max-image-preview:large","max-video-preview":"max-video-preview:-1"},"canonical":"https:\/\/blinda.com.br\/en\/who-we-are\/","og_locale":"en_US","og_type":"article","og_title":"Who We Are - Blinda","og_description":"Watch Blinda&#8217;s video and get to know our structure. A Ind\u00fastria Blinda \u00e9 uma Unidade de Neg\u00f3cios da Polar Components Group. Anteriormente, a Blinda fazia parte do Grupo Eaton, uma empresa com 96 mil funcion\u00e1rios, que faz neg\u00f3cios em mais de 175 pa\u00edses, voltada para gerenciamento de energia.Com tradi\u00e7\u00e3o no mercado brasileiro, a conceituada marca [&hellip;]","og_url":"https:\/\/blinda.com.br\/en\/who-we-are\/","og_site_name":"Blinda","article_modified_time":"2023-06-02T18:26:38+00:00","og_image":[{"url":"https:\/\/blinda.com.br\/novo\/wp-content\/uploads\/2022\/04\/pexels-loic-manegarium-3855962-scaled.webp","type":"","width":"","height":""}],"twitter_card":"summary_large_image","twitter_misc":{"Est. reading time":"4 minutes"},"schema":{"@context":"https:\/\/schema.org","@graph":[{"@type":"WebPage","@id":"https:\/\/blinda.com.br\/en\/who-we-are\/","url":"https:\/\/blinda.com.br\/en\/who-we-are\/","name":"Who We Are - Blinda","isPartOf":{"@id":"https:\/\/blinda.com.br\/en\/#website"},"primaryImageOfPage":{"@id":"https:\/\/blinda.com.br\/en\/who-we-are\/#primaryimage"},"image":{"@id":"https:\/\/blinda.com.br\/en\/who-we-are\/#primaryimage"},"thumbnailUrl":"https:\/\/blinda.com.br\/novo\/wp-content\/uploads\/2022\/04\/pexels-loic-manegarium-3855962-scaled.webp","datePublished":"2020-09-16T14:15:19+00:00","dateModified":"2023-06-02T18:26:38+00:00","breadcrumb":{"@id":"https:\/\/blinda.com.br\/en\/who-we-are\/#breadcrumb"},"inLanguage":"en-US","potentialAction":[{"@type":"ReadAction","target":["https:\/\/blinda.com.br\/en\/who-we-are\/"]}]},{"@type":"ImageObject","inLanguage":"en-US","@id":"https:\/\/blinda.com.br\/en\/who-we-are\/#primaryimage","url":"https:\/\/blinda.com.br\/novo\/wp-content\/uploads\/2022\/04\/pexels-loic-manegarium-3855962-scaled.webp","contentUrl":"https:\/\/blinda.com.br\/novo\/wp-content\/uploads\/2022\/04\/pexels-loic-manegarium-3855962-scaled.webp"},{"@type":"BreadcrumbList","@id":"https:\/\/blinda.com.br\/en\/who-we-are\/#breadcrumb","itemListElement":[{"@type":"ListItem","position":1,"name":"In\u00edcio","item":"https:\/\/blinda.com.br\/en\/"},{"@type":"ListItem","position":2,"name":"Who We Are"}]},{"@type":"WebSite","@id":"https:\/\/blinda.com.br\/en\/#website","url":"https:\/\/blinda.com.br\/en\/","name":"Blinda","description":"","publisher":{"@id":"https:\/\/blinda.com.br\/en\/#organization"},"potentialAction":[{"@type":"SearchAction","target":{"@type":"EntryPoint","urlTemplate":"https:\/\/blinda.com.br\/en\/?s={search_term_string}"},"query-input":{"@type":"PropertyValueSpecification","valueRequired":true,"valueName":"search_term_string"}}],"inLanguage":"en-US"},{"@type":"Organization","@id":"https:\/\/blinda.com.br\/en\/#organization","name":"Blinda","url":"https:\/\/blinda.com.br\/en\/","logo":{"@type":"ImageObject","inLanguage":"en-US","@id":"https:\/\/blinda.com.br\/en\/#\/schema\/logo\/image\/","url":"https:\/\/blinda.com.br\/novo\/wp-content\/uploads\/2022\/04\/cropped-Blinda___3_-removebg-preview.png","contentUrl":"https:\/\/blinda.com.br\/novo\/wp-content\/uploads\/2022\/04\/cropped-Blinda___3_-removebg-preview.png","width":500,"height":166,"caption":"Blinda"},"image":{"@id":"https:\/\/blinda.com.br\/en\/#\/schema\/logo\/image\/"}}]}},"uagb_featured_image_src":{"full":false,"thumbnail":false,"medium":false,"medium_large":false,"large":false,"1536x1536":false,"2048x2048":false,"woocommerce_thumbnail":false,"woocommerce_single":false,"woocommerce_gallery_thumbnail":false,"dgwt-wcas-product-suggestion":false},"uagb_author_info":{"display_name":"mktbl","author_link":"https:\/\/blinda.com.br\/en\/author\/mktbl\/"},"uagb_comment_info":0,"uagb_excerpt":"Watch Blinda&#8217;s video and get to know our structure. A Ind\u00fastria Blinda \u00e9 uma Unidade de Neg\u00f3cios da Polar Components Group. Anteriormente, a Blinda fazia parte do Grupo Eaton, uma empresa com 96 mil funcion\u00e1rios, que faz neg\u00f3cios em mais de 175 pa\u00edses, voltada para gerenciamento de energia.Com tradi\u00e7\u00e3o no mercado brasileiro, a conceituada marca&hellip;","_links":{"self":[{"href":"https:\/\/blinda.com.br\/en\/wp-json\/wp\/v2\/pages\/2620","targetHints":{"allow":["GET"]}}],"collection":[{"href":"https:\/\/blinda.com.br\/en\/wp-json\/wp\/v2\/pages"}],"about":[{"href":"https:\/\/blinda.com.br\/en\/wp-json\/wp\/v2\/types\/page"}],"author":[{"embeddable":true,"href":"https:\/\/blinda.com.br\/en\/wp-json\/wp\/v2\/users\/1"}],"replies":[{"embeddable":true,"href":"https:\/\/blinda.com.br\/en\/wp-json\/wp\/v2\/comments?post=2620"}],"version-history":[{"count":0,"href":"https:\/\/blinda.com.br\/en\/wp-json\/wp\/v2\/pages\/2620\/revisions"}],"wp:attachment":[{"href":"https:\/\/blinda.com.br\/en\/wp-json\/wp\/v2\/media?parent=2620"}],"curies":[{"name":"wp","href":"https:\/\/api.w.org\/{rel}","templated":true}]}}