{"id":1805,"date":"2020-09-16T10:43:51","date_gmt":"2020-09-16T13:43:51","guid":{"rendered":"https:\/\/blinda.com.br\/home\/"},"modified":"2023-05-08T13:57:24","modified_gmt":"2023-05-08T16:57:24","slug":"home","status":"publish","type":"page","link":"https:\/\/blinda.com.br\/en\/","title":{"rendered":"Home"},"content":{"rendered":"\n<div class=\"wp-block-cover alignfull\" style=\"min-height:400px;aspect-ratio:unset;\"><span aria-hidden=\"true\" class=\"wp-block-cover__background has-ast-global-color-4-background-color has-background-dim-60 has-background-dim\"><\/span><img loading=\"lazy\" decoding=\"async\" width=\"1920\" height=\"1080\" class=\"wp-block-cover__image-background wp-image-1390\" alt=\"\" src=\"https:\/\/blinda.com.br\/novo\/wp-content\/uploads\/2022\/06\/fundo-blinda-colorido.webp\" style=\"object-position:52% 16%\" data-object-fit=\"cover\" data-object-position=\"52% 16%\" srcset=\"https:\/\/blinda.com.br\/novo\/wp-content\/uploads\/2022\/06\/fundo-blinda-colorido.webp 1920w, https:\/\/blinda.com.br\/novo\/wp-content\/uploads\/2022\/06\/fundo-blinda-colorido-300x169.webp 300w, https:\/\/blinda.com.br\/novo\/wp-content\/uploads\/2022\/06\/fundo-blinda-colorido-1024x576.webp 1024w, https:\/\/blinda.com.br\/novo\/wp-content\/uploads\/2022\/06\/fundo-blinda-colorido-768x432.webp 768w, https:\/\/blinda.com.br\/novo\/wp-content\/uploads\/2022\/06\/fundo-blinda-colorido-1536x864.webp 1536w, https:\/\/blinda.com.br\/novo\/wp-content\/uploads\/2022\/06\/fundo-blinda-colorido-600x338.webp 600w, https:\/\/blinda.com.br\/novo\/wp-content\/uploads\/2022\/06\/fundo-blinda-colorido-64x36.webp 64w\" sizes=\"auto, (max-width: 1920px) 100vw, 1920px\" \/><div class=\"wp-block-cover__inner-container is-layout-flow wp-block-cover-is-layout-flow\">\n<figure class=\"wp-block-image alignright size-full is-resized logoex\"><img loading=\"lazy\" decoding=\"async\" src=\"https:\/\/blinda.com.br\/novo\/wp-content\/uploads\/2022\/06\/logo-ex.webp\" alt=\"\" class=\"wp-image-1482\" width=\"82\" height=\"121\"\/><\/figure>\n\n\n\n<figure class=\"wp-block-image aligncenter size-medium is-resized logo-home\"><img loading=\"lazy\" decoding=\"async\" src=\"https:\/\/blinda.com.br\/novo\/wp-content\/uploads\/2022\/06\/logo-blinda-300x98.webp\" alt=\"\" class=\"wp-image-1143\" width=\"300\" height=\"98\" srcset=\"https:\/\/blinda.com.br\/novo\/wp-content\/uploads\/2022\/06\/logo-blinda-300x98.webp 300w, https:\/\/blinda.com.br\/novo\/wp-content\/uploads\/2022\/06\/logo-blinda-64x21.webp 64w, https:\/\/blinda.com.br\/novo\/wp-content\/uploads\/2022\/06\/logo-blinda.webp 400w\" sizes=\"auto, (max-width: 300px) 100vw, 300px\" \/><\/figure>\n\n\n\n<h1 class=\"has-text-align-center has-ast-global-color-3-color has-text-color wp-block-heading\" style=\"font-size:22px\">Energy with safe<\/h1>\n\n\n\n<div style=\"height:30px\" aria-hidden=\"true\" class=\"wp-block-spacer\"><\/div>\n\n\n\n<h2 class=\"has-text-align-center has-ast-global-color-3-color has-text-color wp-block-heading\" style=\"font-size:18px\"><strong>Count on Blinda and its portfolio of solutions for explosive atmospheres<\/strong><\/h2>\n\n\n\n<div class=\"wp-block-buttons is-layout-flex wp-block-buttons-is-layout-flex\">\n<div class=\"wp-block-button aligncenter has-custom-font-size\" style=\"font-size:16px\"><a class=\"wp-block-button__link has-background\" href=\"\/novo\/catalogo\" style=\"border-radius:10px;background-color:#0098d9\"><strong>ACCESS OUR CATALOGUES<\/strong><\/a><\/div>\n<\/div>\n<\/div><\/div>\n\n\n\n<div class=\"inherit-container-width wp-block-group alignfull equipamentos-ex has-ast-global-color-4-background-color has-background is-layout-constrained wp-block-group-is-layout-constrained\"><div class=\"wp-block-group__inner-container\">\n<h2 class=\"has-text-align-center has-text-color wp-block-heading\" style=\"color:#0098d9;font-size:32px;font-style:normal;font-weight:700\">Ex Equipments<\/h2>\n\n\n\n<p class=\"has-text-align-center\">For 60 years, manufacturing Ex equipment for safety and prevention, in environments with explosive atmospheres, duly certified.<\/p>\n\n\n<div data-block-name=\"woocommerce\/handpicked-products\" data-columns=\"4\" data-content-visibility=\"{&quot;title&quot;:true,&quot;price&quot;:false,&quot;rating&quot;:false,&quot;button&quot;:false,&quot;image&quot;:true}\" data-orderby=\"title\" data-products=\"[1890,1922,2128,2205]\" class=\"wc-block-grid wp-block-handpicked-products wp-block-woocommerce-handpicked-products wc-block-handpicked-products has-4-columns has-multiple-rows alignwide produtos-home\"><ul class=\"wc-block-grid__products\"><li class=\"wc-block-grid__product\">\n\t\t\t\t<a href=\"https:\/\/blinda.com.br\/en\/cbx-ex-control-and-distribution-systems\/\" class=\"wc-block-grid__product-link\">\n\t\t\t\t\t\n\t\t\t\t\t<div class=\"wc-block-grid__product-image\"><img loading=\"lazy\" decoding=\"async\" width=\"300\" height=\"300\" src=\"https:\/\/blinda.com.br\/novo\/wp-content\/uploads\/2022\/05\/caixa-ligacao-distribuicao-ex-cbx-300x300.webp\" class=\"attachment-woocommerce_thumbnail size-woocommerce_thumbnail\" alt=\"CBX - Ex Control and Distribution Systems\" srcset=\"https:\/\/blinda.com.br\/novo\/wp-content\/uploads\/2022\/05\/caixa-ligacao-distribuicao-ex-cbx-300x300.webp 300w, https:\/\/blinda.com.br\/novo\/wp-content\/uploads\/2022\/05\/caixa-ligacao-distribuicao-ex-cbx-1024x1024.webp 1024w, https:\/\/blinda.com.br\/novo\/wp-content\/uploads\/2022\/05\/caixa-ligacao-distribuicao-ex-cbx-150x150.webp 150w, https:\/\/blinda.com.br\/novo\/wp-content\/uploads\/2022\/05\/caixa-ligacao-distribuicao-ex-cbx-768x768.webp 768w, https:\/\/blinda.com.br\/novo\/wp-content\/uploads\/2022\/05\/caixa-ligacao-distribuicao-ex-cbx-600x600.webp 600w, https:\/\/blinda.com.br\/novo\/wp-content\/uploads\/2022\/05\/caixa-ligacao-distribuicao-ex-cbx-100x100.webp 100w, https:\/\/blinda.com.br\/novo\/wp-content\/uploads\/2022\/05\/caixa-ligacao-distribuicao-ex-cbx-64x64.webp 64w, https:\/\/blinda.com.br\/novo\/wp-content\/uploads\/2022\/05\/caixa-ligacao-distribuicao-ex-cbx.webp 1200w\" sizes=\"auto, (max-width: 300px) 100vw, 300px\" \/><\/div>\n\t\t\t\t\t<div class=\"wc-block-grid__product-title\">CBX &#8211; Ex Control and Distribution Systems<\/div>\n\t\t\t\t<\/a>\n\t\t\t\t\n\t\t\t\t\n\t\t\t\t\n\t\t\t<\/li><li class=\"wc-block-grid__product\">\n\t\t\t\t<a href=\"https:\/\/blinda.com.br\/en\/cbx-str2-ex-digital-ground-controller\/\" class=\"wc-block-grid__product-link\">\n\t\t\t\t\t\n\t\t\t\t\t<div class=\"wc-block-grid__product-image\"><img loading=\"lazy\" decoding=\"async\" width=\"300\" height=\"300\" src=\"https:\/\/blinda.com.br\/novo\/wp-content\/uploads\/2022\/05\/controlador-digital-aterramento-cbx-str2-300x300.webp\" class=\"attachment-woocommerce_thumbnail size-woocommerce_thumbnail\" alt=\"CBX-STR2 - Ex Digital Ground Controller\" srcset=\"https:\/\/blinda.com.br\/novo\/wp-content\/uploads\/2022\/05\/controlador-digital-aterramento-cbx-str2-300x300.webp 300w, https:\/\/blinda.com.br\/novo\/wp-content\/uploads\/2022\/05\/controlador-digital-aterramento-cbx-str2-1024x1024.webp 1024w, https:\/\/blinda.com.br\/novo\/wp-content\/uploads\/2022\/05\/controlador-digital-aterramento-cbx-str2-150x150.webp 150w, https:\/\/blinda.com.br\/novo\/wp-content\/uploads\/2022\/05\/controlador-digital-aterramento-cbx-str2-768x768.webp 768w, https:\/\/blinda.com.br\/novo\/wp-content\/uploads\/2022\/05\/controlador-digital-aterramento-cbx-str2-600x600.webp 600w, https:\/\/blinda.com.br\/novo\/wp-content\/uploads\/2022\/05\/controlador-digital-aterramento-cbx-str2-100x100.webp 100w, https:\/\/blinda.com.br\/novo\/wp-content\/uploads\/2022\/05\/controlador-digital-aterramento-cbx-str2-64x64.webp 64w, https:\/\/blinda.com.br\/novo\/wp-content\/uploads\/2022\/05\/controlador-digital-aterramento-cbx-str2.webp 1200w\" sizes=\"auto, (max-width: 300px) 100vw, 300px\" \/><\/div>\n\t\t\t\t\t<div class=\"wc-block-grid__product-title\">CBX-STR2 &#8211; Ex Digital Ground Controller<\/div>\n\t\t\t\t<\/a>\n\t\t\t\t\n\t\t\t\t\n\t\t\t\t\n\t\t\t<\/li><li class=\"wc-block-grid__product\">\n\t\t\t\t<a href=\"https:\/\/blinda.com.br\/en\/cdwi-hv-ex-high-voltage-junction-box\/\" class=\"wc-block-grid__product-link\">\n\t\t\t\t\t\n\t\t\t\t\t<div class=\"wc-block-grid__product-image\"><img loading=\"lazy\" decoding=\"async\" width=\"300\" height=\"300\" src=\"https:\/\/blinda.com.br\/novo\/wp-content\/uploads\/2022\/09\/cdwi-hv-caixa-de-juncao-ex-alta-tensao-300x300.webp\" class=\"attachment-woocommerce_thumbnail size-woocommerce_thumbnail\" alt=\"CDWi-HV \u2013 Ex High Voltage Junction Box\" srcset=\"https:\/\/blinda.com.br\/novo\/wp-content\/uploads\/2022\/09\/cdwi-hv-caixa-de-juncao-ex-alta-tensao-300x300.webp 300w, https:\/\/blinda.com.br\/novo\/wp-content\/uploads\/2022\/09\/cdwi-hv-caixa-de-juncao-ex-alta-tensao-1024x1024.webp 1024w, https:\/\/blinda.com.br\/novo\/wp-content\/uploads\/2022\/09\/cdwi-hv-caixa-de-juncao-ex-alta-tensao-150x150.webp 150w, https:\/\/blinda.com.br\/novo\/wp-content\/uploads\/2022\/09\/cdwi-hv-caixa-de-juncao-ex-alta-tensao-768x768.webp 768w, https:\/\/blinda.com.br\/novo\/wp-content\/uploads\/2022\/09\/cdwi-hv-caixa-de-juncao-ex-alta-tensao-600x600.webp 600w, https:\/\/blinda.com.br\/novo\/wp-content\/uploads\/2022\/09\/cdwi-hv-caixa-de-juncao-ex-alta-tensao-100x100.webp 100w, https:\/\/blinda.com.br\/novo\/wp-content\/uploads\/2022\/09\/cdwi-hv-caixa-de-juncao-ex-alta-tensao-64x64.webp 64w, https:\/\/blinda.com.br\/novo\/wp-content\/uploads\/2022\/09\/cdwi-hv-caixa-de-juncao-ex-alta-tensao.webp 1200w\" sizes=\"auto, (max-width: 300px) 100vw, 300px\" \/><\/div>\n\t\t\t\t\t<div class=\"wc-block-grid__product-title\">CDWi-HV \u2013 Ex High Voltage Junction Box<\/div>\n\t\t\t\t<\/a>\n\t\t\t\t\n\t\t\t\t\n\t\t\t\t\n\t\t\t<\/li><li class=\"wc-block-grid__product\">\n\t\t\t\t<a href=\"https:\/\/blinda.com.br\/en\/ctm-ex-portable-power-supply-units\/\" class=\"wc-block-grid__product-link\">\n\t\t\t\t\t\n\t\t\t\t\t<div class=\"wc-block-grid__product-image\"><img loading=\"lazy\" decoding=\"async\" width=\"300\" height=\"300\" src=\"https:\/\/blinda.com.br\/novo\/wp-content\/uploads\/2022\/09\/carrinho-de-tomada-movel-ex-ctm-300x300.webp\" class=\"attachment-woocommerce_thumbnail size-woocommerce_thumbnail\" alt=\"Carrinho de Tomada M\u00f3vel CTM\" srcset=\"https:\/\/blinda.com.br\/novo\/wp-content\/uploads\/2022\/09\/carrinho-de-tomada-movel-ex-ctm-300x300.webp 300w, https:\/\/blinda.com.br\/novo\/wp-content\/uploads\/2022\/09\/carrinho-de-tomada-movel-ex-ctm-1024x1024.webp 1024w, https:\/\/blinda.com.br\/novo\/wp-content\/uploads\/2022\/09\/carrinho-de-tomada-movel-ex-ctm-150x150.webp 150w, https:\/\/blinda.com.br\/novo\/wp-content\/uploads\/2022\/09\/carrinho-de-tomada-movel-ex-ctm-768x768.webp 768w, https:\/\/blinda.com.br\/novo\/wp-content\/uploads\/2022\/09\/carrinho-de-tomada-movel-ex-ctm-600x600.webp 600w, https:\/\/blinda.com.br\/novo\/wp-content\/uploads\/2022\/09\/carrinho-de-tomada-movel-ex-ctm-100x100.webp 100w, https:\/\/blinda.com.br\/novo\/wp-content\/uploads\/2022\/09\/carrinho-de-tomada-movel-ex-ctm-64x64.webp 64w, https:\/\/blinda.com.br\/novo\/wp-content\/uploads\/2022\/09\/carrinho-de-tomada-movel-ex-ctm.webp 1200w\" sizes=\"auto, (max-width: 300px) 100vw, 300px\" \/><\/div>\n\t\t\t\t\t<div class=\"wc-block-grid__product-title\">CTM &#8211; Ex Portable Power Supply Units &#8211; Explosion Proof<\/div>\n\t\t\t\t<\/a>\n\t\t\t\t\n\t\t\t\t\n\t\t\t\t\n\t\t\t<\/li><\/ul><\/div>\n\n\n<div class=\"wp-block-buttons is-horizontal is-content-justification-center is-layout-flex wp-container-core-buttons-is-layout-03627597 wp-block-buttons-is-layout-flex\">\n<div class=\"wp-block-button has-custom-font-size\" style=\"font-size:16px\"><a class=\"wp-block-button__link has-background\" href=\"https:\/\/blinda.com.br\/en\/products\/\" style=\"border-radius:10px;background-color:#0098d9\"><strong>SEE ALL PRODUCTS<\/strong><\/a><\/div>\n<\/div>\n<\/div><\/div>\n\n\n\n<p><\/p>\n","protected":false},"excerpt":{"rendered":"<p>Ex Equipments For 60 years, manufacturing Ex equipment for safety and prevention, in environments with explosive atmospheres, duly certified.<\/p>\n","protected":false},"author":1,"featured_media":0,"parent":0,"menu_order":0,"comment_status":"closed","ping_status":"closed","template":"","meta":{"_uag_custom_page_level_css":"","_monsterinsights_skip_tracking":false,"_monsterinsights_sitenote_active":false,"_monsterinsights_sitenote_note":"","_monsterinsights_sitenote_category":0,"site-sidebar-layout":"no-sidebar","site-content-layout":"plain-container","ast-site-content-layout":"default","site-content-style":"default","site-sidebar-style":"default","ast-global-header-display":"","ast-banner-title-visibility":"","ast-main-header-display":"","ast-hfb-above-header-display":"","ast-hfb-below-header-display":"","ast-hfb-mobile-header-display":"","site-post-title":"disabled","ast-breadcrumbs-content":"","ast-featured-img":"disabled","footer-sml-layout":"","ast-disable-related-posts":"","theme-transparent-header-meta":"default","adv-header-id-meta":"","stick-header-meta":"","header-above-stick-meta":"","header-main-stick-meta":"","header-below-stick-meta":"","astra-migrate-meta-layouts":"default","ast-page-background-enabled":"default","ast-page-background-meta":{"desktop":{"background-color":"","background-image":"","background-repeat":"repeat","background-position":"center center","background-size":"auto","background-attachment":"scroll","background-type":"","background-media":"","overlay-type":"","overlay-color":"","overlay-opacity":"","overlay-gradient":""},"tablet":{"background-color":"","background-image":"","background-repeat":"repeat","background-position":"center center","background-size":"auto","background-attachment":"scroll","background-type":"","background-media":"","overlay-type":"","overlay-color":"","overlay-opacity":"","overlay-gradient":""},"mobile":{"background-color":"","background-image":"","background-repeat":"repeat","background-position":"center center","background-size":"auto","background-attachment":"scroll","background-type":"","background-media":"","overlay-type":"","overlay-color":"","overlay-opacity":"","overlay-gradient":""}},"ast-content-background-meta":{"desktop":{"background-color":"var(--ast-global-color-5)","background-image":"","background-repeat":"repeat","background-position":"center center","background-size":"auto","background-attachment":"scroll","background-type":"","background-media":"","overlay-type":"","overlay-color":"","overlay-opacity":"","overlay-gradient":""},"tablet":{"background-color":"var(--ast-global-color-5)","background-image":"","background-repeat":"repeat","background-position":"center center","background-size":"auto","background-attachment":"scroll","background-type":"","background-media":"","overlay-type":"","overlay-color":"","overlay-opacity":"","overlay-gradient":""},"mobile":{"background-color":"var(--ast-global-color-5)","background-image":"","background-repeat":"repeat","background-position":"center center","background-size":"auto","background-attachment":"scroll","background-type":"","background-media":"","overlay-type":"","overlay-color":"","overlay-opacity":"","overlay-gradient":""}},"footnotes":""},"class_list":["post-1805","page","type-page","status-publish","hentry"],"yoast_head":"<!-- This site is optimized with the Yoast SEO plugin v27.4 - https:\/\/yoast.com\/product\/yoast-seo-wordpress\/ -->\n<title>Blinda | Enhanced Security and Explosion Proof<\/title>\n<meta name=\"description\" content=\"Equipamentos Ex de seguran\u00e7a aumentada e \u00e0 prova de explos\u00e3o, como botoeira, unidade de controle, caixa de jun\u00e7\u00e3o e painel de distribui\u00e7\u00e3o.\" \/>\n<meta name=\"robots\" content=\"index, follow, max-snippet:-1, max-image-preview:large, max-video-preview:-1\" \/>\n<link rel=\"canonical\" href=\"https:\/\/blinda.com.br\/en\/\" \/>\n<meta property=\"og:locale\" content=\"en_US\" \/>\n<meta property=\"og:type\" content=\"article\" \/>\n<meta property=\"og:title\" content=\"Blinda | Enhanced Security and Explosion Proof\" \/>\n<meta property=\"og:description\" content=\"Equipamentos Ex de seguran\u00e7a aumentada e \u00e0 prova de explos\u00e3o, como botoeira, unidade de controle, caixa de jun\u00e7\u00e3o e painel de distribui\u00e7\u00e3o.\" \/>\n<meta property=\"og:url\" content=\"https:\/\/blinda.com.br\/en\/\" \/>\n<meta property=\"og:site_name\" content=\"Blinda\" \/>\n<meta property=\"article:modified_time\" content=\"2023-05-08T16:57:24+00:00\" \/>\n<meta property=\"og:image\" content=\"https:\/\/blinda.com.br\/novo\/wp-content\/uploads\/2022\/06\/fundo-blinda-colorido.webp\" \/>\n<meta name=\"twitter:card\" content=\"summary_large_image\" \/>\n<meta name=\"twitter:label1\" content=\"Est. reading time\" \/>\n\t<meta name=\"twitter:data1\" content=\"1 minute\" \/>\n<script type=\"application\/ld+json\" class=\"yoast-schema-graph\">{\"@context\":\"https:\\\/\\\/schema.org\",\"@graph\":[{\"@type\":\"WebPage\",\"@id\":\"https:\\\/\\\/blinda.com.br\\\/en\\\/\",\"url\":\"https:\\\/\\\/blinda.com.br\\\/en\\\/\",\"name\":\"Blinda | Enhanced Security and Explosion Proof\",\"isPartOf\":{\"@id\":\"https:\\\/\\\/blinda.com.br\\\/en\\\/#website\"},\"primaryImageOfPage\":{\"@id\":\"https:\\\/\\\/blinda.com.br\\\/en\\\/#primaryimage\"},\"image\":{\"@id\":\"https:\\\/\\\/blinda.com.br\\\/en\\\/#primaryimage\"},\"thumbnailUrl\":\"https:\\\/\\\/blinda.com.br\\\/novo\\\/wp-content\\\/uploads\\\/2022\\\/06\\\/fundo-blinda-colorido.webp\",\"datePublished\":\"2020-09-16T13:43:51+00:00\",\"dateModified\":\"2023-05-08T16:57:24+00:00\",\"description\":\"Equipamentos Ex de seguran\u00e7a aumentada e \u00e0 prova de explos\u00e3o, como botoeira, unidade de controle, caixa de jun\u00e7\u00e3o e painel de distribui\u00e7\u00e3o.\",\"breadcrumb\":{\"@id\":\"https:\\\/\\\/blinda.com.br\\\/en\\\/#breadcrumb\"},\"inLanguage\":\"en-US\",\"potentialAction\":[{\"@type\":\"ReadAction\",\"target\":[\"https:\\\/\\\/blinda.com.br\\\/en\\\/\"]}]},{\"@type\":\"ImageObject\",\"inLanguage\":\"en-US\",\"@id\":\"https:\\\/\\\/blinda.com.br\\\/en\\\/#primaryimage\",\"url\":\"https:\\\/\\\/blinda.com.br\\\/novo\\\/wp-content\\\/uploads\\\/2022\\\/06\\\/fundo-blinda-colorido.webp\",\"contentUrl\":\"https:\\\/\\\/blinda.com.br\\\/novo\\\/wp-content\\\/uploads\\\/2022\\\/06\\\/fundo-blinda-colorido.webp\"},{\"@type\":\"BreadcrumbList\",\"@id\":\"https:\\\/\\\/blinda.com.br\\\/en\\\/#breadcrumb\",\"itemListElement\":[{\"@type\":\"ListItem\",\"position\":1,\"name\":\"In\u00edcio\",\"item\":\"https:\\\/\\\/blinda.com.br\\\/en\\\/\"},{\"@type\":\"ListItem\",\"position\":2,\"name\":\"Home\"}]},{\"@type\":\"WebSite\",\"@id\":\"https:\\\/\\\/blinda.com.br\\\/en\\\/#website\",\"url\":\"https:\\\/\\\/blinda.com.br\\\/en\\\/\",\"name\":\"Blinda\",\"description\":\"\",\"publisher\":{\"@id\":\"https:\\\/\\\/blinda.com.br\\\/en\\\/#organization\"},\"potentialAction\":[{\"@type\":\"SearchAction\",\"target\":{\"@type\":\"EntryPoint\",\"urlTemplate\":\"https:\\\/\\\/blinda.com.br\\\/en\\\/?s={search_term_string}\"},\"query-input\":{\"@type\":\"PropertyValueSpecification\",\"valueRequired\":true,\"valueName\":\"search_term_string\"}}],\"inLanguage\":\"en-US\"},{\"@type\":\"Organization\",\"@id\":\"https:\\\/\\\/blinda.com.br\\\/en\\\/#organization\",\"name\":\"Blinda\",\"url\":\"https:\\\/\\\/blinda.com.br\\\/en\\\/\",\"logo\":{\"@type\":\"ImageObject\",\"inLanguage\":\"en-US\",\"@id\":\"https:\\\/\\\/blinda.com.br\\\/en\\\/#\\\/schema\\\/logo\\\/image\\\/\",\"url\":\"https:\\\/\\\/blinda.com.br\\\/novo\\\/wp-content\\\/uploads\\\/2022\\\/04\\\/cropped-Blinda___3_-removebg-preview.png\",\"contentUrl\":\"https:\\\/\\\/blinda.com.br\\\/novo\\\/wp-content\\\/uploads\\\/2022\\\/04\\\/cropped-Blinda___3_-removebg-preview.png\",\"width\":500,\"height\":166,\"caption\":\"Blinda\"},\"image\":{\"@id\":\"https:\\\/\\\/blinda.com.br\\\/en\\\/#\\\/schema\\\/logo\\\/image\\\/\"}}]}<\/script>\n<!-- \/ Yoast SEO plugin. -->","yoast_head_json":{"title":"Blinda | Enhanced Security and Explosion Proof","description":"Equipamentos Ex de seguran\u00e7a aumentada e \u00e0 prova de explos\u00e3o, como botoeira, unidade de controle, caixa de jun\u00e7\u00e3o e painel de distribui\u00e7\u00e3o.","robots":{"index":"index","follow":"follow","max-snippet":"max-snippet:-1","max-image-preview":"max-image-preview:large","max-video-preview":"max-video-preview:-1"},"canonical":"https:\/\/blinda.com.br\/en\/","og_locale":"en_US","og_type":"article","og_title":"Blinda | Enhanced Security and Explosion Proof","og_description":"Equipamentos Ex de seguran\u00e7a aumentada e \u00e0 prova de explos\u00e3o, como botoeira, unidade de controle, caixa de jun\u00e7\u00e3o e painel de distribui\u00e7\u00e3o.","og_url":"https:\/\/blinda.com.br\/en\/","og_site_name":"Blinda","article_modified_time":"2023-05-08T16:57:24+00:00","og_image":[{"url":"https:\/\/blinda.com.br\/novo\/wp-content\/uploads\/2022\/06\/fundo-blinda-colorido.webp","type":"","width":"","height":""}],"twitter_card":"summary_large_image","twitter_misc":{"Est. reading time":"1 minute"},"schema":{"@context":"https:\/\/schema.org","@graph":[{"@type":"WebPage","@id":"https:\/\/blinda.com.br\/en\/","url":"https:\/\/blinda.com.br\/en\/","name":"Blinda | Enhanced Security and Explosion Proof","isPartOf":{"@id":"https:\/\/blinda.com.br\/en\/#website"},"primaryImageOfPage":{"@id":"https:\/\/blinda.com.br\/en\/#primaryimage"},"image":{"@id":"https:\/\/blinda.com.br\/en\/#primaryimage"},"thumbnailUrl":"https:\/\/blinda.com.br\/novo\/wp-content\/uploads\/2022\/06\/fundo-blinda-colorido.webp","datePublished":"2020-09-16T13:43:51+00:00","dateModified":"2023-05-08T16:57:24+00:00","description":"Equipamentos Ex de seguran\u00e7a aumentada e \u00e0 prova de explos\u00e3o, como botoeira, unidade de controle, caixa de jun\u00e7\u00e3o e painel de distribui\u00e7\u00e3o.","breadcrumb":{"@id":"https:\/\/blinda.com.br\/en\/#breadcrumb"},"inLanguage":"en-US","potentialAction":[{"@type":"ReadAction","target":["https:\/\/blinda.com.br\/en\/"]}]},{"@type":"ImageObject","inLanguage":"en-US","@id":"https:\/\/blinda.com.br\/en\/#primaryimage","url":"https:\/\/blinda.com.br\/novo\/wp-content\/uploads\/2022\/06\/fundo-blinda-colorido.webp","contentUrl":"https:\/\/blinda.com.br\/novo\/wp-content\/uploads\/2022\/06\/fundo-blinda-colorido.webp"},{"@type":"BreadcrumbList","@id":"https:\/\/blinda.com.br\/en\/#breadcrumb","itemListElement":[{"@type":"ListItem","position":1,"name":"In\u00edcio","item":"https:\/\/blinda.com.br\/en\/"},{"@type":"ListItem","position":2,"name":"Home"}]},{"@type":"WebSite","@id":"https:\/\/blinda.com.br\/en\/#website","url":"https:\/\/blinda.com.br\/en\/","name":"Blinda","description":"","publisher":{"@id":"https:\/\/blinda.com.br\/en\/#organization"},"potentialAction":[{"@type":"SearchAction","target":{"@type":"EntryPoint","urlTemplate":"https:\/\/blinda.com.br\/en\/?s={search_term_string}"},"query-input":{"@type":"PropertyValueSpecification","valueRequired":true,"valueName":"search_term_string"}}],"inLanguage":"en-US"},{"@type":"Organization","@id":"https:\/\/blinda.com.br\/en\/#organization","name":"Blinda","url":"https:\/\/blinda.com.br\/en\/","logo":{"@type":"ImageObject","inLanguage":"en-US","@id":"https:\/\/blinda.com.br\/en\/#\/schema\/logo\/image\/","url":"https:\/\/blinda.com.br\/novo\/wp-content\/uploads\/2022\/04\/cropped-Blinda___3_-removebg-preview.png","contentUrl":"https:\/\/blinda.com.br\/novo\/wp-content\/uploads\/2022\/04\/cropped-Blinda___3_-removebg-preview.png","width":500,"height":166,"caption":"Blinda"},"image":{"@id":"https:\/\/blinda.com.br\/en\/#\/schema\/logo\/image\/"}}]}},"uagb_featured_image_src":{"full":false,"thumbnail":false,"medium":false,"medium_large":false,"large":false,"1536x1536":false,"2048x2048":false,"woocommerce_thumbnail":false,"woocommerce_single":false,"woocommerce_gallery_thumbnail":false,"dgwt-wcas-product-suggestion":false},"uagb_author_info":{"display_name":"mktbl","author_link":"https:\/\/blinda.com.br\/en\/author\/mktbl\/"},"uagb_comment_info":0,"uagb_excerpt":"Ex Equipments For 60 years, manufacturing Ex equipment for safety and prevention, in environments with explosive atmospheres, duly certified.","_links":{"self":[{"href":"https:\/\/blinda.com.br\/en\/wp-json\/wp\/v2\/pages\/1805","targetHints":{"allow":["GET"]}}],"collection":[{"href":"https:\/\/blinda.com.br\/en\/wp-json\/wp\/v2\/pages"}],"about":[{"href":"https:\/\/blinda.com.br\/en\/wp-json\/wp\/v2\/types\/page"}],"author":[{"embeddable":true,"href":"https:\/\/blinda.com.br\/en\/wp-json\/wp\/v2\/users\/1"}],"replies":[{"embeddable":true,"href":"https:\/\/blinda.com.br\/en\/wp-json\/wp\/v2\/comments?post=1805"}],"version-history":[{"count":0,"href":"https:\/\/blinda.com.br\/en\/wp-json\/wp\/v2\/pages\/1805\/revisions"}],"wp:attachment":[{"href":"https:\/\/blinda.com.br\/en\/wp-json\/wp\/v2\/media?parent=1805"}],"curies":[{"name":"wp","href":"https:\/\/api.w.org\/{rel}","templated":true}]}}